{"id":13710,"date":"2024-02-13T14:00:45","date_gmt":"2024-02-13T14:00:45","guid":{"rendered":"https:\/\/www.hotellegeneve.com\/contact\/"},"modified":"2026-03-03T10:28:11","modified_gmt":"2026-03-03T10:28:11","slug":"contact","status":"publish","type":"page","link":"https:\/\/www.hotellegeneve.com\/en\/contact\/","title":{"rendered":"Contact"},"content":{"rendered":"\t\t<div data-elementor-type=\"wp-page\" data-elementor-id=\"13710\" class=\"elementor elementor-13710 elementor-7580\">\n\t\t\t\t<div class=\"elementor-element elementor-element-3c41d33 e-con-full e-flex e-con e-parent\" data-id=\"3c41d33\" data-element_type=\"container\" data-e-type=\"container\" data-settings=\"{&quot;background_background&quot;:&quot;classic&quot;}\">\n\t\t\t\t<div class=\"elementor-element elementor-element-f0fce8c elementor-widget elementor-widget-heading\" data-id=\"f0fce8c\" data-element_type=\"widget\" data-e-type=\"widget\" data-widget_type=\"heading.default\">\n\t\t\t\t\t<h1 class=\"elementor-heading-title elementor-size-default\">Contact Us<\/h1>\t\t\t\t<\/div>\n\t\t\t\t<\/div>\n\t\t<div class=\"elementor-element elementor-element-f376f03 e-con-full qodef-elementor-content-grid e-flex e-con e-parent\" data-id=\"f376f03\" data-element_type=\"container\" data-e-type=\"container\">\n\t\t<div class=\"elementor-element elementor-element-f71d74b e-con-full e-flex e-con e-child\" data-id=\"f71d74b\" data-element_type=\"container\" data-e-type=\"container\">\n\t\t<div class=\"elementor-element elementor-element-ee374f5 e-con-full e-flex e-con e-child\" data-id=\"ee374f5\" data-element_type=\"container\" data-e-type=\"container\">\n\t\t\t\t<div class=\"elementor-element elementor-element-9129dc1 elementor-widget__width-initial elementor-widget elementor-widget-carsten_core_section_title\" data-id=\"9129dc1\" data-element_type=\"widget\" data-e-type=\"widget\" data-widget_type=\"carsten_core_section_title.default\">\n\t\t\t\t<div class=\"elementor-widget-container\">\n\t\t\t\t\t<div class=\"qodef-shortcode qodef-m qodef-section-title qodef-alignment--left\">\n\t\t<h2 class=\"qodef-m-title\" style=\"text-transform: uppercase\">\n\t\t\t\t\tWe are Here to Help!\t\t\t<\/h2>\n\t\t<\/div>\n\t\t\t\t<\/div>\n\t\t\t\t<\/div>\n\t\t\t\t<\/div>\n\t\t<div class=\"elementor-element elementor-element-46ee09b e-con-full e-flex e-con e-child\" data-id=\"46ee09b\" data-element_type=\"container\" data-e-type=\"container\">\n\t\t\t\t<div class=\"elementor-element elementor-element-f7be924 elementor-widget__width-auto elementor-widget elementor-widget-carsten_core_custom_font\" data-id=\"f7be924\" data-element_type=\"widget\" data-e-type=\"widget\" data-widget_type=\"carsten_core_custom_font.default\">\n\t\t\t\t<div class=\"elementor-widget-container\">\n\t\t\t\t\t<h5 class=\"qodef-shortcode qodef-m qodef-custom-font qodef-custom-font-432 qodef-layout--simple qodef-align--left\" >\n\tEmail<\/h5>\n\t\t\t\t<\/div>\n\t\t\t\t<\/div>\n\t\t\t\t<div class=\"elementor-element elementor-element-35dfb0f elementor-widget__width-auto qode--has-custom-underline elementor-widget elementor-widget-carsten_core_custom_font\" data-id=\"35dfb0f\" data-element_type=\"widget\" data-e-type=\"widget\" data-widget_type=\"carsten_core_custom_font.default\">\n\t\t\t\t<div class=\"elementor-widget-container\">\n\t\t\t\t\t<h5 class=\"qodef-shortcode qodef-m qodef-custom-font qodef-custom-font-573 qodef-layout--simple qodef-align--left\" >\n\t<a href=\"mailto:info@hotellegeneve.com\"> info@hotellegeneve.com<\/a><\/h5>\n\t\t\t\t<\/div>\n\t\t\t\t<\/div>\n\t\t\t\t<div class=\"elementor-element elementor-element-53313ed elementor-widget__width-inherit elementor-widget elementor-widget-text-editor\" data-id=\"53313ed\" data-element_type=\"widget\" data-e-type=\"widget\" data-widget_type=\"text-editor.default\">\n\t\t\t\t\t\t\t\t\t<p>You can also write to us directly at.<\/p>\t\t\t\t\t\t\t\t<\/div>\n\t\t\t\t<\/div>\n\t\t<div class=\"elementor-element elementor-element-ee14e25 e-con-full e-flex e-con e-child\" data-id=\"ee14e25\" data-element_type=\"container\" data-e-type=\"container\">\n\t\t\t\t<div class=\"elementor-element elementor-element-09351e6 elementor-widget__width-auto elementor-widget elementor-widget-carsten_core_custom_font\" data-id=\"09351e6\" data-element_type=\"widget\" data-e-type=\"widget\" data-widget_type=\"carsten_core_custom_font.default\">\n\t\t\t\t<div class=\"elementor-widget-container\">\n\t\t\t\t\t<h5 class=\"qodef-shortcode qodef-m qodef-custom-font qodef-custom-font-911 qodef-layout--simple qodef-align--left\" >\n\tPhone: <\/h5>\n\t\t\t\t<\/div>\n\t\t\t\t<\/div>\n\t\t\t\t<div class=\"elementor-element elementor-element-008e11c elementor-widget__width-auto qode--has-custom-underline elementor-widget elementor-widget-carsten_core_custom_font\" data-id=\"008e11c\" data-element_type=\"widget\" data-e-type=\"widget\" data-widget_type=\"carsten_core_custom_font.default\">\n\t\t\t\t<div class=\"elementor-widget-container\">\n\t\t\t\t\t<h5 class=\"qodef-shortcode qodef-m qodef-custom-font qodef-custom-font-93 qodef-layout--simple qodef-align--left\" >\n\t<a href=\"tel:%20+33450324690\">+ 33 4 50 32 46 90<\/a><\/h5>\n\t\t\t\t<\/div>\n\t\t\t\t<\/div>\n\t\t\t\t<div class=\"elementor-element elementor-element-ed2fa7c elementor-widget__width-inherit elementor-widget elementor-widget-text-editor\" data-id=\"ed2fa7c\" data-element_type=\"widget\" data-e-type=\"widget\" data-widget_type=\"text-editor.default\">\n\t\t\t\t\t\t\t\t\t<p>Call us Monday to Friday, from 8 AM to 10 PM.<\/p>\t\t\t\t\t\t\t\t<\/div>\n\t\t\t\t<\/div>\n\t\t\t\t<div class=\"elementor-element elementor-element-3f4f666 elementor-widget elementor-widget-carsten_core_google_map\" data-id=\"3f4f666\" data-element_type=\"widget\" data-e-type=\"widget\" data-widget_type=\"carsten_core_google_map.default\">\n\t\t\t\t<div class=\"elementor-widget-container\">\n\t\t\t\t\t<div class=\"qodef-shortcode qodef-m qodef-google-map\">\n\t<div class=\"qodef-m-map\" id=\"qodef-map-id--535\" data-addresses='[\"H\u00f4tel de Gen\u00e8ve 34 rue de la r\u00e9publique 74210 Faverges \"]' data-pin=https:\/\/www.hotellegeneve.com\/wp-content\/plugins\/carsten-core\/inc\/maps\/assets\/img\/pin.png data-unique-id=535 data-height=300><\/div>\n<\/div>\n\t\t\t\t<\/div>\n\t\t\t\t<\/div>\n\t\t\t\t<\/div>\n\t\t<div class=\"elementor-element elementor-element-1dc0a03 e-con-full e-flex e-con e-child\" data-id=\"1dc0a03\" data-element_type=\"container\" data-e-type=\"container\">\n\t\t\t\t<div class=\"elementor-element elementor-element-a1254a7 elementor-widget elementor-widget-carsten_core_section_title\" data-id=\"a1254a7\" data-element_type=\"widget\" data-e-type=\"widget\" data-widget_type=\"carsten_core_section_title.default\">\n\t\t\t\t<div class=\"elementor-widget-container\">\n\t\t\t\t\t<div class=\"qodef-shortcode qodef-m qodef-section-title qodef-alignment--left\">\n\t\t<h4 class=\"qodef-m-title\" >\n\t\t\t\t\tDo You Have a Question?\t\t\t<\/h4>\n\t\t\t<p class=\"qodef-m-text\" style=\"margin-top: 12px\">Please fill out the form and we will get back to you as soon as possible.<\/p>\n<\/div>\n\t\t\t\t<\/div>\n\t\t\t\t<\/div>\n\t\t\t\t<div class=\"elementor-element elementor-element-e846d2c elementor-widget elementor-widget-wp-widget-carsten_core_contact_form_7\" data-id=\"e846d2c\" data-element_type=\"widget\" data-e-type=\"widget\" data-widget_type=\"wp-widget-carsten_core_contact_form_7.default\">\n\t\t\t\t<div class=\"elementor-widget-container\">\n\t\t\t\t\t\t\t\t<div class=\"qodef-contact-form-7\">\n\t\t\t\t\n<div class=\"wpcf7 no-js\" id=\"wpcf7-f13880-o1\" lang=\"en-US\" dir=\"ltr\" data-wpcf7-id=\"13880\">\n<div class=\"screen-reader-response\"><p role=\"status\" aria-live=\"polite\" aria-atomic=\"true\"><\/p> <ul><\/ul><\/div>\n<form action=\"\/en\/wp-json\/wp\/v2\/pages\/13710#wpcf7-f13880-o1\" method=\"post\" class=\"wpcf7-form init\" aria-label=\"Contact form\" novalidate=\"novalidate\" data-status=\"init\">\n<fieldset class=\"hidden-fields-container\"><input type=\"hidden\" name=\"_wpcf7\" value=\"13880\" \/><input type=\"hidden\" name=\"_wpcf7_version\" value=\"6.1.5\" \/><input type=\"hidden\" name=\"_wpcf7_locale\" value=\"en_US\" \/><input type=\"hidden\" name=\"_wpcf7_unit_tag\" value=\"wpcf7-f13880-o1\" \/><input type=\"hidden\" name=\"_wpcf7_container_post\" value=\"0\" \/><input type=\"hidden\" name=\"_wpcf7_posted_data_hash\" value=\"\" \/>\n<\/fieldset>\n<span class=\"wpcf7-form-control-wrap\" data-name=\"your-name\"><input size=\"40\" maxlength=\"400\" class=\"wpcf7-form-control wpcf7-text wpcf7-validates-as-required\" aria-required=\"true\" aria-invalid=\"false\" placeholder=\"Your name\" value=\"\" type=\"text\" name=\"your-name\" \/><\/span>\n<span class=\"wpcf7-form-control-wrap\" data-name=\"your-email\"><input size=\"40\" maxlength=\"400\" class=\"wpcf7-form-control wpcf7-email wpcf7-validates-as-required wpcf7-text wpcf7-validates-as-email\" aria-required=\"true\" aria-invalid=\"false\" placeholder=\"Your Email\" value=\"\" type=\"email\" name=\"your-email\" \/><\/span>\n<span class=\"wpcf7-form-control-wrap\" data-name=\"your-message\"><textarea cols=\"40\" rows=\"7\" maxlength=\"2000\" class=\"wpcf7-form-control wpcf7-textarea qodef-custom-form-field\" aria-invalid=\"false\" placeholder=\"Your Message...\" name=\"your-message\"><\/textarea><\/span>\n<button class=\"wpcf7-form-control wpcf7-submit qodef-button qodef-size--normal qodef-layout--filled qodef-m\" type=\"submit\"><span class=\"qodef-m-text\">Send<\/span><\/button><input type='hidden' class='wpcf7-pum' value='{\"closepopup\":false,\"closedelay\":0,\"openpopup\":false,\"openpopup_id\":0}' \/><div class=\"wpcf7-response-output\" aria-hidden=\"true\"><\/div>\n<\/form>\n<\/div>\n\t\t\t<\/div>\n\t\t\t\t\t\t\t<\/div>\n\t\t\t\t<\/div>\n\t\t\t\t<\/div>\n\t\t\t\t<\/div>\n\t\t\t\t<\/div>\n\t\t","protected":false},"excerpt":{"rendered":"<p>Contact Us We are Here to Help! Email info@hotellegeneve.com You can also write to us directly at. Phone: + 33 4 50 32 46 90 Call us Monday to Friday, from 8 AM to 10 PM. Do You Have a Question? Please fill out the form and we will get back to you as soon [&hellip;]<\/p>\n","protected":false},"author":1,"featured_media":0,"parent":0,"menu_order":0,"comment_status":"closed","ping_status":"closed","template":"page-full-width.php","meta":{"footnotes":""},"class_list":["post-13710","page","type-page","status-publish","hentry"],"yoast_head":"<!-- This site is optimized with the Yoast SEO plugin v27.4 - https:\/\/yoast.com\/product\/yoast-seo-wordpress\/ -->\n<title>Contact - H\u00f4tel de Gen\u00e8ve<\/title>\n<meta name=\"robots\" content=\"index, follow, max-snippet:-1, max-image-preview:large, max-video-preview:-1\" \/>\n<link rel=\"canonical\" href=\"https:\/\/www.hotellegeneve.com\/en\/contact\/\" \/>\n<meta property=\"og:locale\" content=\"en_US\" \/>\n<meta property=\"og:type\" content=\"article\" \/>\n<meta property=\"og:title\" content=\"Contact - H\u00f4tel de Gen\u00e8ve\" \/>\n<meta property=\"og:description\" content=\"Contact Us We are Here to Help! Email info@hotellegeneve.com You can also write to us directly at. Phone: + 33 4 50 32 46 90 Call us Monday to Friday, from 8 AM to 10 PM. Do You Have a Question? Please fill out the form and we will get back to you as soon [&hellip;]\" \/>\n<meta property=\"og:url\" content=\"https:\/\/www.hotellegeneve.com\/en\/contact\/\" \/>\n<meta property=\"og:site_name\" content=\"H\u00f4tel de Gen\u00e8ve\" \/>\n<meta property=\"article:modified_time\" content=\"2026-03-03T10:28:11+00:00\" \/>\n<meta name=\"twitter:card\" content=\"summary_large_image\" \/>\n<script type=\"application\/ld+json\" class=\"yoast-schema-graph\">{\"@context\":\"https:\\\/\\\/schema.org\",\"@graph\":[{\"@type\":\"WebPage\",\"@id\":\"https:\\\/\\\/www.hotellegeneve.com\\\/en\\\/contact\\\/\",\"url\":\"https:\\\/\\\/www.hotellegeneve.com\\\/en\\\/contact\\\/\",\"name\":\"Contact - H\u00f4tel de Gen\u00e8ve\",\"isPartOf\":{\"@id\":\"https:\\\/\\\/www.hotellegeneve.com\\\/en\\\/#website\"},\"datePublished\":\"2024-02-13T14:00:45+00:00\",\"dateModified\":\"2026-03-03T10:28:11+00:00\",\"breadcrumb\":{\"@id\":\"https:\\\/\\\/www.hotellegeneve.com\\\/en\\\/contact\\\/#breadcrumb\"},\"inLanguage\":\"en-US\",\"potentialAction\":[{\"@type\":\"ReadAction\",\"target\":[\"https:\\\/\\\/www.hotellegeneve.com\\\/en\\\/contact\\\/\"]}]},{\"@type\":\"BreadcrumbList\",\"@id\":\"https:\\\/\\\/www.hotellegeneve.com\\\/en\\\/contact\\\/#breadcrumb\",\"itemListElement\":[{\"@type\":\"ListItem\",\"position\":1,\"name\":\"Accueil\",\"item\":\"https:\\\/\\\/www.hotellegeneve.com\\\/en\\\/hotel-de-geneve\\\/\"},{\"@type\":\"ListItem\",\"position\":2,\"name\":\"Contact\"}]},{\"@type\":\"WebSite\",\"@id\":\"https:\\\/\\\/www.hotellegeneve.com\\\/en\\\/#website\",\"url\":\"https:\\\/\\\/www.hotellegeneve.com\\\/en\\\/\",\"name\":\"H\u00f4tel de Gen\u00e8ve\",\"description\":\"\",\"publisher\":{\"@id\":\"https:\\\/\\\/www.hotellegeneve.com\\\/en\\\/#organization\"},\"potentialAction\":[{\"@type\":\"SearchAction\",\"target\":{\"@type\":\"EntryPoint\",\"urlTemplate\":\"https:\\\/\\\/www.hotellegeneve.com\\\/en\\\/?s={search_term_string}\"},\"query-input\":{\"@type\":\"PropertyValueSpecification\",\"valueRequired\":true,\"valueName\":\"search_term_string\"}}],\"inLanguage\":\"en-US\"},{\"@type\":\"Organization\",\"@id\":\"https:\\\/\\\/www.hotellegeneve.com\\\/en\\\/#organization\",\"name\":\"H\u00f4tel de Gen\u00e8ve \u2013 Faverges\",\"alternateName\":\"Hotel de Geneve Faverges\",\"url\":\"https:\\\/\\\/www.hotellegeneve.com\\\/en\\\/\",\"logo\":{\"@type\":\"ImageObject\",\"inLanguage\":\"en-US\",\"@id\":\"https:\\\/\\\/www.hotellegeneve.com\\\/en\\\/#\\\/schema\\\/logo\\\/image\\\/\",\"url\":\"https:\\\/\\\/www.hotellegeneve.com\\\/wp-content\\\/uploads\\\/2025\\\/07\\\/logohomecenter_transparent.png\",\"contentUrl\":\"https:\\\/\\\/www.hotellegeneve.com\\\/wp-content\\\/uploads\\\/2025\\\/07\\\/logohomecenter_transparent.png\",\"width\":277,\"height\":287,\"caption\":\"H\u00f4tel de Gen\u00e8ve \u2013 Faverges\"},\"image\":{\"@id\":\"https:\\\/\\\/www.hotellegeneve.com\\\/en\\\/#\\\/schema\\\/logo\\\/image\\\/\"}}]}<\/script>\n<!-- \/ Yoast SEO plugin. -->","yoast_head_json":{"title":"Contact - H\u00f4tel de Gen\u00e8ve","robots":{"index":"index","follow":"follow","max-snippet":"max-snippet:-1","max-image-preview":"max-image-preview:large","max-video-preview":"max-video-preview:-1"},"canonical":"https:\/\/www.hotellegeneve.com\/en\/contact\/","og_locale":"en_US","og_type":"article","og_title":"Contact - H\u00f4tel de Gen\u00e8ve","og_description":"Contact Us We are Here to Help! Email info@hotellegeneve.com You can also write to us directly at. Phone: + 33 4 50 32 46 90 Call us Monday to Friday, from 8 AM to 10 PM. Do You Have a Question? Please fill out the form and we will get back to you as soon [&hellip;]","og_url":"https:\/\/www.hotellegeneve.com\/en\/contact\/","og_site_name":"H\u00f4tel de Gen\u00e8ve","article_modified_time":"2026-03-03T10:28:11+00:00","twitter_card":"summary_large_image","schema":{"@context":"https:\/\/schema.org","@graph":[{"@type":"WebPage","@id":"https:\/\/www.hotellegeneve.com\/en\/contact\/","url":"https:\/\/www.hotellegeneve.com\/en\/contact\/","name":"Contact - H\u00f4tel de Gen\u00e8ve","isPartOf":{"@id":"https:\/\/www.hotellegeneve.com\/en\/#website"},"datePublished":"2024-02-13T14:00:45+00:00","dateModified":"2026-03-03T10:28:11+00:00","breadcrumb":{"@id":"https:\/\/www.hotellegeneve.com\/en\/contact\/#breadcrumb"},"inLanguage":"en-US","potentialAction":[{"@type":"ReadAction","target":["https:\/\/www.hotellegeneve.com\/en\/contact\/"]}]},{"@type":"BreadcrumbList","@id":"https:\/\/www.hotellegeneve.com\/en\/contact\/#breadcrumb","itemListElement":[{"@type":"ListItem","position":1,"name":"Accueil","item":"https:\/\/www.hotellegeneve.com\/en\/hotel-de-geneve\/"},{"@type":"ListItem","position":2,"name":"Contact"}]},{"@type":"WebSite","@id":"https:\/\/www.hotellegeneve.com\/en\/#website","url":"https:\/\/www.hotellegeneve.com\/en\/","name":"H\u00f4tel de Gen\u00e8ve","description":"","publisher":{"@id":"https:\/\/www.hotellegeneve.com\/en\/#organization"},"potentialAction":[{"@type":"SearchAction","target":{"@type":"EntryPoint","urlTemplate":"https:\/\/www.hotellegeneve.com\/en\/?s={search_term_string}"},"query-input":{"@type":"PropertyValueSpecification","valueRequired":true,"valueName":"search_term_string"}}],"inLanguage":"en-US"},{"@type":"Organization","@id":"https:\/\/www.hotellegeneve.com\/en\/#organization","name":"H\u00f4tel de Gen\u00e8ve \u2013 Faverges","alternateName":"Hotel de Geneve Faverges","url":"https:\/\/www.hotellegeneve.com\/en\/","logo":{"@type":"ImageObject","inLanguage":"en-US","@id":"https:\/\/www.hotellegeneve.com\/en\/#\/schema\/logo\/image\/","url":"https:\/\/www.hotellegeneve.com\/wp-content\/uploads\/2025\/07\/logohomecenter_transparent.png","contentUrl":"https:\/\/www.hotellegeneve.com\/wp-content\/uploads\/2025\/07\/logohomecenter_transparent.png","width":277,"height":287,"caption":"H\u00f4tel de Gen\u00e8ve \u2013 Faverges"},"image":{"@id":"https:\/\/www.hotellegeneve.com\/en\/#\/schema\/logo\/image\/"}}]}},"jetpack_sharing_enabled":true,"_links":{"self":[{"href":"https:\/\/www.hotellegeneve.com\/en\/wp-json\/wp\/v2\/pages\/13710","targetHints":{"allow":["GET"]}}],"collection":[{"href":"https:\/\/www.hotellegeneve.com\/en\/wp-json\/wp\/v2\/pages"}],"about":[{"href":"https:\/\/www.hotellegeneve.com\/en\/wp-json\/wp\/v2\/types\/page"}],"author":[{"embeddable":true,"href":"https:\/\/www.hotellegeneve.com\/en\/wp-json\/wp\/v2\/users\/1"}],"replies":[{"embeddable":true,"href":"https:\/\/www.hotellegeneve.com\/en\/wp-json\/wp\/v2\/comments?post=13710"}],"version-history":[{"count":3,"href":"https:\/\/www.hotellegeneve.com\/en\/wp-json\/wp\/v2\/pages\/13710\/revisions"}],"predecessor-version":[{"id":15238,"href":"https:\/\/www.hotellegeneve.com\/en\/wp-json\/wp\/v2\/pages\/13710\/revisions\/15238"}],"wp:attachment":[{"href":"https:\/\/www.hotellegeneve.com\/en\/wp-json\/wp\/v2\/media?parent=13710"}],"curies":[{"name":"wp","href":"https:\/\/api.w.org\/{rel}","templated":true}]}}