{"id":15831,"date":"2026-03-18T15:36:19","date_gmt":"2026-03-18T15:36:19","guid":{"rendered":"https:\/\/www.hotellegeneve.com\/?page_id=15831"},"modified":"2026-03-19T16:28:25","modified_gmt":"2026-03-19T16:28:25","slug":"fahrradangebot","status":"publish","type":"page","link":"https:\/\/www.hotellegeneve.com\/de\/web-angebote\/fahrradangebot\/","title":{"rendered":"Fahrradangebot"},"content":{"rendered":"\t\t<div data-elementor-type=\"wp-page\" data-elementor-id=\"15831\" class=\"elementor elementor-15831 elementor-15830\">\n\t\t\t\t<div class=\"elementor-element elementor-element-7daf6960 e-con-full e-flex e-con e-parent\" data-id=\"7daf6960\" data-element_type=\"container\" data-e-type=\"container\" data-settings=\"{&quot;background_background&quot;:&quot;classic&quot;}\">\n\t\t\t\t<div class=\"elementor-element elementor-element-363e25f6 elementor-widget__width-initial elementor-widget elementor-widget-heading\" data-id=\"363e25f6\" data-element_type=\"widget\" data-e-type=\"widget\" data-widget_type=\"heading.default\">\n\t\t\t\t\t<h1 class=\"elementor-heading-title elementor-size-default\">Fahrradangebot in Faverges<\/h1>\t\t\t\t<\/div>\n\t\t\t\t<\/div>\n\t\t<div class=\"elementor-element elementor-element-b0bdab9 e-flex e-con-boxed e-con e-parent\" data-id=\"b0bdab9\" data-element_type=\"container\" data-e-type=\"container\">\n\t\t\t\t\t<div class=\"e-con-inner\">\n\t\t\t\t<div class=\"elementor-element elementor-element-899beab elementor-widget__width-initial elementor-widget elementor-widget-heading\" data-id=\"899beab\" data-element_type=\"widget\" data-e-type=\"widget\" data-widget_type=\"heading.default\">\n\t\t\t\t\t<h2 class=\"elementor-heading-title elementor-size-default\">Ein ideales Angebot f\u00fcr Ihren Fahrradaufenthalt in Haute-Savoie<\/h2>\t\t\t\t<\/div>\n\t\t\t\t\t<\/div>\n\t\t\t\t<\/div>\n\t\t<div class=\"elementor-element elementor-element-e395d8e e-flex e-con-boxed e-con e-parent\" data-id=\"e395d8e\" data-element_type=\"container\" data-e-type=\"container\">\n\t\t\t\t\t<div class=\"e-con-inner\">\n\t\t\t\t<div class=\"elementor-element elementor-element-9b3b158 elementor-widget__width-initial elementor-widget elementor-widget-text-editor\" data-id=\"9b3b158\" data-element_type=\"widget\" data-e-type=\"widget\" data-widget_type=\"text-editor.default\">\n\t\t\t\t\t\t\t\t\t<p>\u00dcbernachten Sie im H\u00f4tel de Gen\u00e8ve in Faverges und genie\u00dfen Sie einen komfortablen Rahmen f\u00fcr Ihre Radausfl\u00fcge rund um den Annecy-See und in den Alpenp\u00e4ssen.<br>Unser Fahrradangebot beinhaltet die Unterkunft mit Fr\u00fchst\u00fcck sowie auf Radfahrer abgestimmte Services<\/p>\t\t\t\t\t\t\t\t<\/div>\n\t\t\t\t\t<\/div>\n\t\t\t\t<\/div>\n\t\t<div class=\"elementor-element elementor-element-cfa63f8 e-con-full e-flex e-con e-parent\" data-id=\"cfa63f8\" data-element_type=\"container\" data-e-type=\"container\">\n\t\t\t\t<div class=\"elementor-element elementor-element-a37ba8e elementor-widget elementor-widget-heading\" data-id=\"a37ba8e\" data-element_type=\"widget\" data-e-type=\"widget\" data-widget_type=\"heading.default\">\n\t\t\t\t\t<h2 class=\"elementor-heading-title elementor-size-default\">Das Fahrradangebot umfasst<\/h2>\t\t\t\t<\/div>\n\t\t\t\t<\/div>\n\t\t<div class=\"elementor-element elementor-element-da7ec90 e-flex e-con-boxed e-con e-parent\" data-id=\"da7ec90\" data-element_type=\"container\" data-e-type=\"container\">\n\t\t\t\t\t<div class=\"e-con-inner\">\n\t\t\t\t<div class=\"elementor-element elementor-element-2baa382 elementor-align-start elementor-widget__width-initial elementor-icon-list--layout-traditional elementor-list-item-link-full_width elementor-widget elementor-widget-icon-list\" data-id=\"2baa382\" data-element_type=\"widget\" data-e-type=\"widget\" data-widget_type=\"icon-list.default\">\n\t\t\t\t\t\t\t<ul class=\"elementor-icon-list-items\">\n\t\t\t\t\t\t\t<li class=\"elementor-icon-list-item\">\n\t\t\t\t\t\t\t\t\t\t\t<span class=\"elementor-icon-list-icon\">\n\t\t\t\t\t\t\t<svg aria-hidden=\"true\" class=\"e-font-icon-svg e-fas-check\" viewBox=\"0 0 512 512\" xmlns=\"http:\/\/www.w3.org\/2000\/svg\"><path d=\"M173.898 439.404l-166.4-166.4c-9.997-9.997-9.997-26.206 0-36.204l36.203-36.204c9.997-9.998 26.207-9.998 36.204 0L192 312.69 432.095 72.596c9.997-9.997 26.207-9.997 36.204 0l36.203 36.204c9.997 9.997 9.997 26.206 0 36.204l-294.4 294.401c-9.998 9.997-26.207 9.997-36.204-.001z\"><\/path><\/svg>\t\t\t\t\t\t<\/span>\n\t\t\t\t\t\t\t\t\t\t<span class=\"elementor-icon-list-text\">Komfortables Zimmer f\u00fcr 2 Personen<\/span>\n\t\t\t\t\t\t\t\t\t<\/li>\n\t\t\t\t\t\t\t\t<li class=\"elementor-icon-list-item\">\n\t\t\t\t\t\t\t\t\t\t\t<span class=\"elementor-icon-list-icon\">\n\t\t\t\t\t\t\t<svg aria-hidden=\"true\" class=\"e-font-icon-svg e-fas-check\" viewBox=\"0 0 512 512\" xmlns=\"http:\/\/www.w3.org\/2000\/svg\"><path d=\"M173.898 439.404l-166.4-166.4c-9.997-9.997-9.997-26.206 0-36.204l36.203-36.204c9.997-9.998 26.207-9.998 36.204 0L192 312.69 432.095 72.596c9.997-9.997 26.207-9.997 36.204 0l36.203 36.204c9.997 9.997 9.997 26.206 0 36.204l-294.4 294.401c-9.998 9.997-26.207 9.997-36.204-.001z\"><\/path><\/svg>\t\t\t\t\t\t<\/span>\n\t\t\t\t\t\t\t\t\t\t<span class=\"elementor-icon-list-text\">Fr\u00fchst\u00fcck inklusive<\/span>\n\t\t\t\t\t\t\t\t\t<\/li>\n\t\t\t\t\t\t\t\t<li class=\"elementor-icon-list-item\">\n\t\t\t\t\t\t\t\t\t\t\t<span class=\"elementor-icon-list-icon\">\n\t\t\t\t\t\t\t<svg aria-hidden=\"true\" class=\"e-font-icon-svg e-fas-check\" viewBox=\"0 0 512 512\" xmlns=\"http:\/\/www.w3.org\/2000\/svg\"><path d=\"M173.898 439.404l-166.4-166.4c-9.997-9.997-9.997-26.206 0-36.204l36.203-36.204c9.997-9.998 26.207-9.998 36.204 0L192 312.69 432.095 72.596c9.997-9.997 26.207-9.997 36.204 0l36.203 36.204c9.997 9.997 9.997 26.206 0 36.204l-294.4 294.401c-9.998 9.997-26.207 9.997-36.204-.001z\"><\/path><\/svg>\t\t\t\t\t\t<\/span>\n\t\t\t\t\t\t\t\t\t\t<span class=\"elementor-icon-list-text\">Begr\u00fc\u00dfungsgetr\u00e4nk bei der Ankunft inklusive<\/span>\n\t\t\t\t\t\t\t\t\t<\/li>\n\t\t\t\t\t\t\t\t<li class=\"elementor-icon-list-item\">\n\t\t\t\t\t\t\t\t\t\t\t<span class=\"elementor-icon-list-icon\">\n\t\t\t\t\t\t\t<svg aria-hidden=\"true\" class=\"e-font-icon-svg e-fas-check\" viewBox=\"0 0 512 512\" xmlns=\"http:\/\/www.w3.org\/2000\/svg\"><path d=\"M173.898 439.404l-166.4-166.4c-9.997-9.997-9.997-26.206 0-36.204l36.203-36.204c9.997-9.998 26.207-9.998 36.204 0L192 312.69 432.095 72.596c9.997-9.997 26.207-9.997 36.204 0l36.203 36.204c9.997 9.997 9.997 26.206 0 36.204l-294.4 294.401c-9.998 9.997-26.207 9.997-36.204-.001z\"><\/path><\/svg>\t\t\t\t\t\t<\/span>\n\t\t\t\t\t\t\t\t\t\t<span class=\"elementor-icon-list-text\">Schneller Zugang zu den Radwegen<\/span>\n\t\t\t\t\t\t\t\t\t<\/li>\n\t\t\t\t\t\t<\/ul>\n\t\t\t\t\t\t<\/div>\n\t\t\t\t\t<\/div>\n\t\t\t\t<\/div>\n\t\t<div class=\"elementor-element elementor-element-cd2b10d e-con-full e-flex e-con e-parent\" data-id=\"cd2b10d\" data-element_type=\"container\" data-e-type=\"container\">\n\t\t\t\t<div class=\"elementor-element elementor-element-f724f3f elementor-widget__width-initial elementor-widget-tablet__width-initial elementor-widget elementor-widget-heading\" data-id=\"f724f3f\" data-element_type=\"widget\" data-e-type=\"widget\" data-widget_type=\"heading.default\">\n\t\t\t\t\t<h2 class=\"elementor-heading-title elementor-size-default\">Ideale Unterkunft f\u00fcr Radfahrer nahe dem Annecy-See<\/h2>\t\t\t\t<\/div>\n\t\t\t\t<\/div>\n\t\t<div class=\"elementor-element elementor-element-3194aed e-con-full e-flex e-con e-parent\" data-id=\"3194aed\" data-element_type=\"container\" data-e-type=\"container\">\n\t\t<div class=\"elementor-element elementor-element-7fc7f8d e-con-full e-flex e-con e-child\" data-id=\"7fc7f8d\" data-element_type=\"container\" data-e-type=\"container\">\n\t\t\t\t<div class=\"elementor-element elementor-element-fcff665 elementor-widget elementor-widget-carsten_core_room_list\" data-id=\"fcff665\" data-element_type=\"widget\" data-e-type=\"widget\" data-widget_type=\"carsten_core_room_list.default\">\n\t\t\t\t<div class=\"elementor-widget-container\">\n\t\t\t\t\t<div class=\"qodef-shortcode qodef-m qodef-room-list qodef-item-layout--standard qodef-enable-border qodef-grid qodef-layout--columns qodef-gutter--custom qodef-vertical-gutter--custom qodef-col-num--2 qodef-item-layout--standard qodef-pagination--off qodef-responsive--custom qodef-col-num--1512--2 qodef-col-num--1368--2 qodef-col-num--1200--2 qodef-col-num--1024--2 qodef-col-num--880--1 qodef-col-num--680--1 qodef-swiper--show-pagination\" style=\"--qode-gutter-custom: 80px;--qode-vertical-gutter-custom: 160px;--qode-gutter-custom-1512: 80px;--qode-vertical-gutter-custom-1512: 160px;--qode-gutter-custom-1200: 70px;--qode-vertical-gutter-custom-1200: 160px;--qode-gutter-custom-880: 0px;--qode-vertical-gutter-custom-880: 100px;--qode-vertical-gutter-custom-680: 100px\" data-options=\"{&quot;plugin&quot;:&quot;carsten_core&quot;,&quot;module&quot;:&quot;post-types\\\/room\\\/shortcodes&quot;,&quot;shortcode&quot;:&quot;room-list&quot;,&quot;post_type&quot;:&quot;room&quot;,&quot;next_page&quot;:&quot;2&quot;,&quot;max_pages_num&quot;:0,&quot;posts_per_page&quot;:&quot;8&quot;,&quot;orderby&quot;:&quot;ID&quot;,&quot;order&quot;:&quot;ASC&quot;,&quot;additional_params&quot;:&quot;tax&quot;,&quot;tax&quot;:&quot;room-type&quot;,&quot;tax_slug&quot;:&quot;offre-velo&quot;,&quot;behavior&quot;:&quot;columns&quot;,&quot;images_proportion&quot;:&quot;full&quot;,&quot;columns&quot;:&quot;2&quot;,&quot;columns_responsive&quot;:&quot;custom&quot;,&quot;columns_1512&quot;:&quot;2&quot;,&quot;columns_1368&quot;:&quot;2&quot;,&quot;columns_1200&quot;:&quot;2&quot;,&quot;columns_1024&quot;:&quot;2&quot;,&quot;columns_880&quot;:&quot;1&quot;,&quot;columns_680&quot;:&quot;1&quot;,&quot;space&quot;:&quot;custom&quot;,&quot;space_custom&quot;:&quot;80px&quot;,&quot;space_custom_1512&quot;:&quot;80px&quot;,&quot;space_custom_1200&quot;:&quot;70px&quot;,&quot;space_custom_880&quot;:&quot;0px&quot;,&quot;vertical_space&quot;:&quot;custom&quot;,&quot;vertical_space_custom&quot;:&quot;160px&quot;,&quot;vertical_space_custom_1512&quot;:&quot;160px&quot;,&quot;vertical_space_custom_1200&quot;:&quot;160px&quot;,&quot;vertical_space_custom_880&quot;:&quot;100px&quot;,&quot;vertical_space_custom_680&quot;:&quot;100px&quot;,&quot;layout&quot;:&quot;standard&quot;,&quot;title_tag&quot;:&quot;h4&quot;,&quot;excerpt_length&quot;:&quot;158&quot;,&quot;enable_border&quot;:&quot;yes&quot;,&quot;enable_social_share&quot;:&quot;no&quot;,&quot;remove_button&quot;:&quot;no&quot;,&quot;enable_appear_animation&quot;:&quot;no&quot;,&quot;enable_filter&quot;:&quot;no&quot;,&quot;pagination_type&quot;:&quot;no-pagination&quot;,&quot;content_margin_bottom&quot;:&quot;20px&quot;,&quot;object_class_name&quot;:&quot;CarstenCore_Room_List_Shortcode&quot;,&quot;taxonomy_filter&quot;:&quot;room-type&quot;,&quot;additional_query_args&quot;:{&quot;tax_query&quot;:[{&quot;taxonomy&quot;:&quot;room-type&quot;,&quot;field&quot;:&quot;slug&quot;,&quot;terms&quot;:&quot;offre-velo&quot;}]},&quot;unique&quot;:&quot;1&quot;,&quot;holder_styles&quot;:{&quot;custom&quot;:&quot;--qode-gutter-custom: 80px&quot;,&quot;vertical_custom&quot;:&quot;--qode-vertical-gutter-custom: 160px&quot;,&quot;custom_1512&quot;:&quot;--qode-gutter-custom-1512: 80px&quot;,&quot;vertical_custom_1512&quot;:&quot;--qode-vertical-gutter-custom-1512: 160px&quot;,&quot;custom_1200&quot;:&quot;--qode-gutter-custom-1200: 70px&quot;,&quot;vertical_custom_1200&quot;:&quot;--qode-vertical-gutter-custom-1200: 160px&quot;,&quot;custom_880&quot;:&quot;--qode-gutter-custom-880: 0px&quot;,&quot;vertical_custom_880&quot;:&quot;--qode-vertical-gutter-custom-880: 100px&quot;,&quot;vertical_custom_680&quot;:&quot;--qode-vertical-gutter-custom-680: 100px&quot;},&quot;item_classes&quot;:&quot;qodef-e qodef-room-list-item qodef-grid-item &quot;,&quot;space_value&quot;:30}\">\n        <div class=\"qodef-grid-inner\">\n\t\t<p class=\"qodef-m-posts-not-found qodef-grid-item\">Unfortunately, no rooms are available for provided parameters. Please try to select other dates.<\/p>\n\t<\/div>\n\t<\/div>\n\t\t\t\t<\/div>\n\t\t\t\t<\/div>\n\t\t\t\t<\/div>\n\t\t\t\t<\/div>\n\t\t<div class=\"elementor-element elementor-element-4917dae e-flex e-con-boxed e-con e-parent\" data-id=\"4917dae\" data-element_type=\"container\" data-e-type=\"container\">\n\t\t\t\t\t<div class=\"e-con-inner\">\n\t\t\t\t<div class=\"elementor-element elementor-element-804da89 elementor-widget__width-inherit elementor-widget elementor-widget-text-editor\" data-id=\"804da89\" data-element_type=\"widget\" data-e-type=\"widget\" data-widget_type=\"text-editor.default\">\n\t\t\t\t\t\t\t\t\t<p><strong>Angebotsdetails<\/strong><\/p><ul><li>Kann nicht mit anderen Rabatten, Aktionscodes oder Verg\u00fcnstigungen kombiniert werden.<\/li><li>Der Gesamtbetrag ist bei Bestellung f\u00e4llig, um Ihnen Ihren Aufenthalt zum besten Preis zu garantieren.<\/li><li>Die Reservierung ist verbindlich und endg\u00fcltig und wird nicht erstattet.<\/li><\/ul>\t\t\t\t\t\t\t\t<\/div>\n\t\t\t\t\t<\/div>\n\t\t\t\t<\/div>\n\t\t<div class=\"elementor-element elementor-element-61198f4 e-flex e-con-boxed e-con e-parent\" data-id=\"61198f4\" data-element_type=\"container\" data-e-type=\"container\">\n\t\t\t\t\t<div class=\"e-con-inner\">\n\t\t\t\t<div class=\"elementor-element elementor-element-20f30d4 elementor-widget elementor-widget-text-editor\" data-id=\"20f30d4\" data-element_type=\"widget\" data-e-type=\"widget\" data-widget_type=\"text-editor.default\">\n\t\t\t\t\t\t\t\t\t<p data-start=\"347\" data-end=\"704\">Das H\u00f4tel de Gen\u00e8ve liegt in Faverges, zwischen Annecy und Albertville, und ist ein idealer Ausgangspunkt, um die Region des Annecy-Sees und die Alpen zu entdecken.<br data-start=\"495\" data-end=\"498\">Ob Sie zu einem touristischen Aufenthalt, f\u00fcr ein Wochenende oder auf Gesch\u00e4ftsreise kommen \u2013 unsere komfortablen Zimmer und unsere Sonderangebote erm\u00f6glichen Ihnen eine hochwertige Unterkunft zum besten Preis.<\/p><p data-start=\"706\" data-end=\"821\">Besuchen Sie diese Seite regelm\u00e4\u00dfig, um unsere neuesten Aktionen und exklusiven Angebote f\u00fcr Ihren Aufenthalt in Faverges zu entdecken.<\/p>\t\t\t\t\t\t\t\t<\/div>\n\t\t\t\t\t<\/div>\n\t\t\t\t<\/div>\n\t\t\t\t<\/div>\n\t\t","protected":false},"excerpt":{"rendered":"<p>Fahrradangebot in Faverges Ein ideales Angebot f\u00fcr Ihren Fahrradaufenthalt in Haute-Savoie \u00dcbernachten Sie im H\u00f4tel de Gen\u00e8ve in Faverges und genie\u00dfen Sie einen komfortablen Rahmen f\u00fcr Ihre Radausfl\u00fcge rund um den Annecy-See und in den Alpenp\u00e4ssen.Unser Fahrradangebot beinhaltet die Unterkunft mit Fr\u00fchst\u00fcck sowie auf Radfahrer abgestimmte Services Das Fahrradangebot umfasst Komfortables Zimmer f\u00fcr 2 Personen [&hellip;]<\/p>\n","protected":false},"author":1,"featured_media":0,"parent":13712,"menu_order":0,"comment_status":"closed","ping_status":"closed","template":"page-full-width.php","meta":{"footnotes":""},"class_list":["post-15831","page","type-page","status-publish","hentry"],"yoast_head":"<!-- This site is optimized with the Yoast SEO plugin v27.5 - https:\/\/yoast.com\/product\/yoast-seo-wordpress\/ -->\n<title>Fahrradangebot Annecy-See \u2013 Hotel in Faverges | Aufenthalt f\u00fcr Radfahrer<\/title>\n<meta name=\"description\" content=\"Fahrradangebot in Faverges nahe dem Annecy-See. Spezieller Aufenthalt f\u00fcr Radfahrer mit Komfort, angepassten Services und idealer Lage. Buchen Sie Ihren Fahrradaufenthalt im H\u00f4tel de Gen\u00e8ve.\" \/>\n<meta name=\"robots\" content=\"index, follow, max-snippet:-1, max-image-preview:large, max-video-preview:-1\" \/>\n<link rel=\"canonical\" href=\"https:\/\/www.hotellegeneve.com\/de\/web-angebote\/fahrradangebot\/\" \/>\n<meta property=\"og:locale\" content=\"de_DE\" \/>\n<meta property=\"og:type\" content=\"article\" \/>\n<meta property=\"og:title\" content=\"Fahrradangebot Annecy-See \u2013 Hotel in Faverges | Aufenthalt f\u00fcr Radfahrer\" \/>\n<meta property=\"og:description\" content=\"Fahrradangebot in Faverges nahe dem Annecy-See. Spezieller Aufenthalt f\u00fcr Radfahrer mit Komfort, angepassten Services und idealer Lage. Buchen Sie Ihren Fahrradaufenthalt im H\u00f4tel de Gen\u00e8ve.\" \/>\n<meta property=\"og:url\" content=\"https:\/\/www.hotellegeneve.com\/de\/web-angebote\/fahrradangebot\/\" \/>\n<meta property=\"og:site_name\" content=\"H\u00f4tel de Gen\u00e8ve\" \/>\n<meta property=\"article:modified_time\" content=\"2026-03-19T16:28:25+00:00\" \/>\n<meta property=\"og:image\" content=\"https:\/\/www.hotellegeneve.com\/wp-content\/uploads\/2024\/03\/doublestandardhome.jpg\" \/>\n<meta name=\"twitter:card\" content=\"summary_large_image\" \/>\n<meta name=\"twitter:label1\" content=\"Gesch\u00e4tzte Lesezeit\" \/>\n\t<meta name=\"twitter:data1\" content=\"1\u00a0Minute\" \/>\n<script type=\"application\/ld+json\" class=\"yoast-schema-graph\">{\"@context\":\"https:\\\/\\\/schema.org\",\"@graph\":[{\"@type\":\"WebPage\",\"@id\":\"https:\\\/\\\/www.hotellegeneve.com\\\/de\\\/web-angebote\\\/fahrradangebot\\\/\",\"url\":\"https:\\\/\\\/www.hotellegeneve.com\\\/de\\\/web-angebote\\\/fahrradangebot\\\/\",\"name\":\"Fahrradangebot Annecy-See \u2013 Hotel in Faverges | Aufenthalt f\u00fcr Radfahrer\",\"isPartOf\":{\"@id\":\"https:\\\/\\\/www.hotellegeneve.com\\\/de\\\/#website\"},\"primaryImageOfPage\":{\"@id\":\"https:\\\/\\\/www.hotellegeneve.com\\\/de\\\/web-angebote\\\/fahrradangebot\\\/#primaryimage\"},\"image\":{\"@id\":\"https:\\\/\\\/www.hotellegeneve.com\\\/de\\\/web-angebote\\\/fahrradangebot\\\/#primaryimage\"},\"thumbnailUrl\":\"https:\\\/\\\/www.hotellegeneve.com\\\/wp-content\\\/uploads\\\/2024\\\/03\\\/doublestandardhome.jpg\",\"datePublished\":\"2026-03-18T15:36:19+00:00\",\"dateModified\":\"2026-03-19T16:28:25+00:00\",\"description\":\"Fahrradangebot in Faverges nahe dem Annecy-See. Spezieller Aufenthalt f\u00fcr Radfahrer mit Komfort, angepassten Services und idealer Lage. Buchen Sie Ihren Fahrradaufenthalt im H\u00f4tel de Gen\u00e8ve.\",\"breadcrumb\":{\"@id\":\"https:\\\/\\\/www.hotellegeneve.com\\\/de\\\/web-angebote\\\/fahrradangebot\\\/#breadcrumb\"},\"inLanguage\":\"de\",\"potentialAction\":[{\"@type\":\"ReadAction\",\"target\":[\"https:\\\/\\\/www.hotellegeneve.com\\\/de\\\/web-angebote\\\/fahrradangebot\\\/\"]}]},{\"@type\":\"ImageObject\",\"inLanguage\":\"de\",\"@id\":\"https:\\\/\\\/www.hotellegeneve.com\\\/de\\\/web-angebote\\\/fahrradangebot\\\/#primaryimage\",\"url\":\"https:\\\/\\\/www.hotellegeneve.com\\\/wp-content\\\/uploads\\\/2024\\\/03\\\/doublestandardhome.jpg\",\"contentUrl\":\"https:\\\/\\\/www.hotellegeneve.com\\\/wp-content\\\/uploads\\\/2024\\\/03\\\/doublestandardhome.jpg\"},{\"@type\":\"BreadcrumbList\",\"@id\":\"https:\\\/\\\/www.hotellegeneve.com\\\/de\\\/web-angebote\\\/fahrradangebot\\\/#breadcrumb\",\"itemListElement\":[{\"@type\":\"ListItem\",\"position\":1,\"name\":\"Accueil\",\"item\":\"https:\\\/\\\/www.hotellegeneve.com\\\/de\\\/startseite-hotel-de-geneve\\\/\"},{\"@type\":\"ListItem\",\"position\":2,\"name\":\"Webangebote\",\"item\":\"https:\\\/\\\/www.hotellegeneve.com\\\/de\\\/web-angebote\\\/\"},{\"@type\":\"ListItem\",\"position\":3,\"name\":\"Fahrradangebot\"}]},{\"@type\":\"WebSite\",\"@id\":\"https:\\\/\\\/www.hotellegeneve.com\\\/de\\\/#website\",\"url\":\"https:\\\/\\\/www.hotellegeneve.com\\\/de\\\/\",\"name\":\"H\u00f4tel de Gen\u00e8ve\",\"description\":\"\",\"publisher\":{\"@id\":\"https:\\\/\\\/www.hotellegeneve.com\\\/de\\\/#organization\"},\"potentialAction\":[{\"@type\":\"SearchAction\",\"target\":{\"@type\":\"EntryPoint\",\"urlTemplate\":\"https:\\\/\\\/www.hotellegeneve.com\\\/de\\\/?s={search_term_string}\"},\"query-input\":{\"@type\":\"PropertyValueSpecification\",\"valueRequired\":true,\"valueName\":\"search_term_string\"}}],\"inLanguage\":\"de\"},{\"@type\":\"Organization\",\"@id\":\"https:\\\/\\\/www.hotellegeneve.com\\\/de\\\/#organization\",\"name\":\"H\u00f4tel de Gen\u00e8ve \u2013 Faverges\",\"alternateName\":\"Hotel de Geneve Faverges\",\"url\":\"https:\\\/\\\/www.hotellegeneve.com\\\/de\\\/\",\"logo\":{\"@type\":\"ImageObject\",\"inLanguage\":\"de\",\"@id\":\"https:\\\/\\\/www.hotellegeneve.com\\\/de\\\/#\\\/schema\\\/logo\\\/image\\\/\",\"url\":\"https:\\\/\\\/www.hotellegeneve.com\\\/wp-content\\\/uploads\\\/2025\\\/07\\\/logohomecenter_transparent.png\",\"contentUrl\":\"https:\\\/\\\/www.hotellegeneve.com\\\/wp-content\\\/uploads\\\/2025\\\/07\\\/logohomecenter_transparent.png\",\"width\":277,\"height\":287,\"caption\":\"H\u00f4tel de Gen\u00e8ve \u2013 Faverges\"},\"image\":{\"@id\":\"https:\\\/\\\/www.hotellegeneve.com\\\/de\\\/#\\\/schema\\\/logo\\\/image\\\/\"}}]}<\/script>\n<!-- \/ Yoast SEO plugin. -->","yoast_head_json":{"title":"Fahrradangebot Annecy-See \u2013 Hotel in Faverges | Aufenthalt f\u00fcr Radfahrer","description":"Fahrradangebot in Faverges nahe dem Annecy-See. Spezieller Aufenthalt f\u00fcr Radfahrer mit Komfort, angepassten Services und idealer Lage. Buchen Sie Ihren Fahrradaufenthalt im H\u00f4tel de Gen\u00e8ve.","robots":{"index":"index","follow":"follow","max-snippet":"max-snippet:-1","max-image-preview":"max-image-preview:large","max-video-preview":"max-video-preview:-1"},"canonical":"https:\/\/www.hotellegeneve.com\/de\/web-angebote\/fahrradangebot\/","og_locale":"de_DE","og_type":"article","og_title":"Fahrradangebot Annecy-See \u2013 Hotel in Faverges | Aufenthalt f\u00fcr Radfahrer","og_description":"Fahrradangebot in Faverges nahe dem Annecy-See. Spezieller Aufenthalt f\u00fcr Radfahrer mit Komfort, angepassten Services und idealer Lage. Buchen Sie Ihren Fahrradaufenthalt im H\u00f4tel de Gen\u00e8ve.","og_url":"https:\/\/www.hotellegeneve.com\/de\/web-angebote\/fahrradangebot\/","og_site_name":"H\u00f4tel de Gen\u00e8ve","article_modified_time":"2026-03-19T16:28:25+00:00","og_image":[{"url":"https:\/\/www.hotellegeneve.com\/wp-content\/uploads\/2024\/03\/doublestandardhome.jpg","type":"","width":"","height":""}],"twitter_card":"summary_large_image","twitter_misc":{"Gesch\u00e4tzte Lesezeit":"1\u00a0Minute"},"schema":{"@context":"https:\/\/schema.org","@graph":[{"@type":"WebPage","@id":"https:\/\/www.hotellegeneve.com\/de\/web-angebote\/fahrradangebot\/","url":"https:\/\/www.hotellegeneve.com\/de\/web-angebote\/fahrradangebot\/","name":"Fahrradangebot Annecy-See \u2013 Hotel in Faverges | Aufenthalt f\u00fcr Radfahrer","isPartOf":{"@id":"https:\/\/www.hotellegeneve.com\/de\/#website"},"primaryImageOfPage":{"@id":"https:\/\/www.hotellegeneve.com\/de\/web-angebote\/fahrradangebot\/#primaryimage"},"image":{"@id":"https:\/\/www.hotellegeneve.com\/de\/web-angebote\/fahrradangebot\/#primaryimage"},"thumbnailUrl":"https:\/\/www.hotellegeneve.com\/wp-content\/uploads\/2024\/03\/doublestandardhome.jpg","datePublished":"2026-03-18T15:36:19+00:00","dateModified":"2026-03-19T16:28:25+00:00","description":"Fahrradangebot in Faverges nahe dem Annecy-See. Spezieller Aufenthalt f\u00fcr Radfahrer mit Komfort, angepassten Services und idealer Lage. Buchen Sie Ihren Fahrradaufenthalt im H\u00f4tel de Gen\u00e8ve.","breadcrumb":{"@id":"https:\/\/www.hotellegeneve.com\/de\/web-angebote\/fahrradangebot\/#breadcrumb"},"inLanguage":"de","potentialAction":[{"@type":"ReadAction","target":["https:\/\/www.hotellegeneve.com\/de\/web-angebote\/fahrradangebot\/"]}]},{"@type":"ImageObject","inLanguage":"de","@id":"https:\/\/www.hotellegeneve.com\/de\/web-angebote\/fahrradangebot\/#primaryimage","url":"https:\/\/www.hotellegeneve.com\/wp-content\/uploads\/2024\/03\/doublestandardhome.jpg","contentUrl":"https:\/\/www.hotellegeneve.com\/wp-content\/uploads\/2024\/03\/doublestandardhome.jpg"},{"@type":"BreadcrumbList","@id":"https:\/\/www.hotellegeneve.com\/de\/web-angebote\/fahrradangebot\/#breadcrumb","itemListElement":[{"@type":"ListItem","position":1,"name":"Accueil","item":"https:\/\/www.hotellegeneve.com\/de\/startseite-hotel-de-geneve\/"},{"@type":"ListItem","position":2,"name":"Webangebote","item":"https:\/\/www.hotellegeneve.com\/de\/web-angebote\/"},{"@type":"ListItem","position":3,"name":"Fahrradangebot"}]},{"@type":"WebSite","@id":"https:\/\/www.hotellegeneve.com\/de\/#website","url":"https:\/\/www.hotellegeneve.com\/de\/","name":"H\u00f4tel de Gen\u00e8ve","description":"","publisher":{"@id":"https:\/\/www.hotellegeneve.com\/de\/#organization"},"potentialAction":[{"@type":"SearchAction","target":{"@type":"EntryPoint","urlTemplate":"https:\/\/www.hotellegeneve.com\/de\/?s={search_term_string}"},"query-input":{"@type":"PropertyValueSpecification","valueRequired":true,"valueName":"search_term_string"}}],"inLanguage":"de"},{"@type":"Organization","@id":"https:\/\/www.hotellegeneve.com\/de\/#organization","name":"H\u00f4tel de Gen\u00e8ve \u2013 Faverges","alternateName":"Hotel de Geneve Faverges","url":"https:\/\/www.hotellegeneve.com\/de\/","logo":{"@type":"ImageObject","inLanguage":"de","@id":"https:\/\/www.hotellegeneve.com\/de\/#\/schema\/logo\/image\/","url":"https:\/\/www.hotellegeneve.com\/wp-content\/uploads\/2025\/07\/logohomecenter_transparent.png","contentUrl":"https:\/\/www.hotellegeneve.com\/wp-content\/uploads\/2025\/07\/logohomecenter_transparent.png","width":277,"height":287,"caption":"H\u00f4tel de Gen\u00e8ve \u2013 Faverges"},"image":{"@id":"https:\/\/www.hotellegeneve.com\/de\/#\/schema\/logo\/image\/"}}]}},"jetpack_sharing_enabled":true,"_links":{"self":[{"href":"https:\/\/www.hotellegeneve.com\/de\/wp-json\/wp\/v2\/pages\/15831","targetHints":{"allow":["GET"]}}],"collection":[{"href":"https:\/\/www.hotellegeneve.com\/de\/wp-json\/wp\/v2\/pages"}],"about":[{"href":"https:\/\/www.hotellegeneve.com\/de\/wp-json\/wp\/v2\/types\/page"}],"author":[{"embeddable":true,"href":"https:\/\/www.hotellegeneve.com\/de\/wp-json\/wp\/v2\/users\/1"}],"replies":[{"embeddable":true,"href":"https:\/\/www.hotellegeneve.com\/de\/wp-json\/wp\/v2\/comments?post=15831"}],"version-history":[{"count":3,"href":"https:\/\/www.hotellegeneve.com\/de\/wp-json\/wp\/v2\/pages\/15831\/revisions"}],"predecessor-version":[{"id":15988,"href":"https:\/\/www.hotellegeneve.com\/de\/wp-json\/wp\/v2\/pages\/15831\/revisions\/15988"}],"up":[{"embeddable":true,"href":"https:\/\/www.hotellegeneve.com\/de\/wp-json\/wp\/v2\/pages\/13712"}],"wp:attachment":[{"href":"https:\/\/www.hotellegeneve.com\/de\/wp-json\/wp\/v2\/media?parent=15831"}],"curies":[{"name":"wp","href":"https:\/\/api.w.org\/{rel}","templated":true}]}}