{"id":13829,"date":"2025-08-11T09:32:48","date_gmt":"2025-08-11T09:32:48","guid":{"rendered":"https:\/\/www.hotellegeneve.com\/datenschutzerklaerung\/"},"modified":"2025-09-29T12:21:10","modified_gmt":"2025-09-29T12:21:10","slug":"datenschutzerklaerung","status":"publish","type":"page","link":"https:\/\/www.hotellegeneve.com\/de\/datenschutzerklaerung\/","title":{"rendered":"Datenschutzerkl\u00e4rung"},"content":{"rendered":"\t\t<div data-elementor-type=\"wp-page\" data-elementor-id=\"13829\" class=\"elementor elementor-13829 elementor-13322\">\n\t\t\t\t<div class=\"elementor-element elementor-element-5800544 e-con-full e-flex e-con e-parent\" data-id=\"5800544\" data-element_type=\"container\" data-e-type=\"container\" data-settings=\"{&quot;background_background&quot;:&quot;classic&quot;}\">\n\t\t\t\t<div class=\"elementor-element elementor-element-7822e0f elementor-widget elementor-widget-heading\" data-id=\"7822e0f\" data-element_type=\"widget\" data-e-type=\"widget\" data-widget_type=\"heading.default\">\n\t\t\t\t\t<h1 class=\"elementor-heading-title elementor-size-default\">Datenschutzerkl\u00e4rung<\/h1>\t\t\t\t<\/div>\n\t\t\t\t<\/div>\n\t\t<div class=\"elementor-element elementor-element-1bec032 e-flex e-con-boxed e-con e-parent\" data-id=\"1bec032\" data-element_type=\"container\" data-e-type=\"container\">\n\t\t\t\t\t<div class=\"e-con-inner\">\n\t\t\t\t<div class=\"elementor-element elementor-element-1ee9634 elementor-widget elementor-widget-text-editor\" data-id=\"1ee9634\" data-element_type=\"widget\" data-e-type=\"widget\" data-widget_type=\"text-editor.default\">\n\t\t\t\t\t\t\t\t\t<div><div><div><div><div><h2>Verwendung von Cookies<\/h2><p>Der Inhalt dieser Seite richtet sich an alle Nutzer unserer Website. Er hat das Hauptziel, alle Besucher \u00fcber die m\u00f6gliche Verwendung von Cookies auf unserer Website zu informieren. Er soll auch p\u00e4dagogische Erkl\u00e4rungen zum Nutzen und zur Verwendung von Cookies bieten.  <\/p><p>W\u00e4hrend Ihres Besuchs auf unserer Website k\u00f6nnen Informationen \u00fcber die Navigation Ihres Endger\u00e4ts (Smartphone, Tablet, Computer usw.) in \u201eCookies\u201c-Dateien gespeichert werden, die auf Ihrem Endger\u00e4t installiert sind. Um den Nutzen und die Verwendung dieser Cookies besser zu verstehen, bitten wir Sie, die nachstehenden Hinweise zur Kenntnis zu nehmen. <\/p><br><h2>Was ist ein Cookie?<\/h2><p>Die Nationale Kommission f\u00fcr Informatik und Freiheiten (CNIL) definiert ein Cookie als eine Information, die vom Server der besuchten Website auf der Festplatte eines Internetnutzers abgelegt wird. Es enth\u00e4lt mehrere Daten: den Namen des Servers, der es abgelegt hat, eine eindeutige Identifikationsnummer und gegebenenfalls ein Ablaufdatum. Diese Informationen werden manchmal auf dem Computer in einer einfachen Textdatei gespeichert, auf die ein Server zugreift, um Informationen zu lesen und zu speichern.  <\/p><br><h2>Welche Rolle spielt ein Cookie?<\/h2><p>Cookies haben je nach ihrer Art unterschiedliche Funktionen; ihre Zwecke k\u00f6nnen sehr vielf\u00e4ltig sein. Von der Art eines Cookies h\u00e4ngen seine Auswirkungen auf Ihre Privatsph\u00e4re ab. Es sind zwei Hauptkategorien von Cookies zu unterscheiden:  <\/p><ul><li>Cookies, deren ausschlie\u00dflicher Zweck es ist, die elektronische Kommunikation zu erm\u00f6glichen oder zu erleichtern, oder die f\u00fcr die Bereitstellung eines Kommunikationsdienstes auf Ihre ausdr\u00fcckliche Anfrage hin unbedingt erforderlich sind. Diese Cookies k\u00f6nnen ohne Ihre Zustimmung rechtm\u00e4\u00dfig abgelegt werden, da sie kein Risiko f\u00fcr die Verletzung Ihrer Privatsph\u00e4re darstellen. Ihr Hauptzweck ist es, Ihnen die Nutzung aller Funktionen unserer Website zu erm\u00f6glichen.  <\/li><li>Andere Cookies, deren Zwecke sehr vielf\u00e4ltig sein k\u00f6nnen: Werbestatistiken, Teilen in sozialen Netzwerken usw. Diese Cookies unterliegen Ihrer Zustimmung, bevor sie auf Ihrem Endger\u00e4t abgelegt werden. <\/li><\/ul><br><h2>Welche Cookies werden auf unserer Website verwendet?<\/h2><p>Unsere Website verwendet verschiedene Arten von Cookies, deren Details unten aufgef\u00fchrt sind. Die Cookies sind nach Verwendungszwecken gruppiert, um Ihnen das Verst\u00e4ndnis ihrer Funktionen zu erleichtern. <\/p><p><b>1) Unbedingt notwendige technische Cookies<\/b><\/p><p>Diese Cookies haben zwei Hauptzwecke:<\/p><ul><li>die elektronische Kommunikation zu erm\u00f6glichen oder zu erleichtern;<\/li><li>f\u00fcr die Bereitstellung eines Online-Kommunikationsdienstes auf ausdr\u00fcckliche Anfrage des Nutzers erforderlich zu sein.<\/li><\/ul><p>Diese Cookies sind f\u00fcr das reibungslose Funktionieren unserer Website unerl\u00e4sslich.<\/p><p><b>2) Funktionale technische Cookies<\/b><\/p><p>Diese Cookies sind f\u00fcr das reibungslose Funktionieren der Hauptdienste unserer Website nicht unbedingt erforderlich. Ihre Hauptaufgabe ist es jedoch, Ihnen verbesserte Dienste bereitzustellen, wie beispielsweise die Personalisierung unserer Inhalte. <\/p><p>Unsere Website verwendet diese Art von Cookies, um Ihre Navigationspr\u00e4ferenz f\u00fcr die mobile oder klassische Website zu speichern, die zuvor ausgew\u00e4hlte Sprache der Website zu speichern oder Ihre visuellen Anzeigepr\u00e4ferenzen zu speichern.<\/p><p><b>3) Statistische Cookies<\/b><\/p><p>Unsere statistischen Cookies erf\u00fcllen verschiedene Aufgaben und erm\u00f6glichen es uns insbesondere, die Besucherzahlen unserer Website, die am h\u00e4ufigsten besuchten Seiten sowie die Herkunft unserer Besucher zu ermitteln. Das Hauptziel dieser Cookies ist es, uns zu erm\u00f6glichen, unsere Inhalte zu verbessern, um sie f\u00fcr unsere Besucher so relevant wie m\u00f6glich zu gestalten.  <\/p><p>Im Rahmen der Erhebung dieser Statistiken wird die IP-Adresse der Besucher erfasst, um die Stadt zu bestimmen, von der aus sich die Besucher verbinden.<\/p><p>Wir verwenden derzeit das Statistiksystem Google Analytics und die damit verbundenen Cookies.<\/p><p><b>4) Sharing-Cookies<\/b><\/p><p>Unsere Sharing-Cookies erm\u00f6glichen es Ihnen, wenn diese Funktion auf den Seiten unserer Website vorhanden ist, unsere Inhalte in den wichtigsten sozialen Netzwerken zu teilen. Wenn Sie diese Sharing-Buttons verwenden, wird ein Drittanbieter-Cookie vom betreffenden sozialen Netzwerk installiert: Wir bitten Sie, die Datenschutzrichtlinien der einzelnen sozialen Netzwerke zu konsultieren, um deren genaue Art zu erfahren. <\/p><p>Wenn Sie w\u00e4hrend Ihres Besuchs auf unserer Website im sozialen Netzwerk angemeldet sind, erm\u00f6glichen die Sharing-Buttons, die angesehenen Inhalte mit Ihrem Benutzerkonto zu verkn\u00fcpfen.<\/p><br><h2>So steuern Sie Ihre Cookie-Nutzung<\/h2><p>Sie haben die M\u00f6glichkeit, die Verwendung von Cookies abzulehnen. Diese Ablehnung f\u00fchrt zur Deaktivierung einiger der zuvor aufgef\u00fchrten Funktionen. Wir erkl\u00e4ren Ihnen im Folgenden, wie Sie vorgehen k\u00f6nnen.  <\/p><p><b>1) Einstellungen Ihres Internetbrowsers<\/b><\/p><p>Sie haben die M\u00f6glichkeit, Ihre Cookies direkt \u00fcber Ihren Internetbrowser einzustellen. Alle von Ihnen besuchten Websites werden von diesen \u00c4nderungen betroffen sein. <\/p><p><b>F\u00fcr Internet Explorer:<\/b><\/p><ul><li>\u00d6ffnen Sie den Desktop, tippen oder klicken Sie auf das Internet Explorer-Symbol in der Taskleiste;<\/li><li>tippen oder klicken Sie auf die Schaltfl\u00e4che Extras, dann tippen oder klicken Sie auf Internetoptionen;<\/li><li>tippen oder klicken Sie auf die Registerkarte Datenschutz, und verschieben Sie dann unter Einstellungen den Schieberegler nach oben, um alle Cookies zu blockieren, und tippen oder klicken Sie dann auf OK.<\/li><\/ul><p>Weitere Informationen unter <a href=\"http:\/\/windows.microsoft.com\/fr-fr\/internet-explorer\/delete-manage-cookies#ie=ie-11\" target=\"_self\">http:\/\/windows.microsoft.com\/fr-fr\/internet-explorer\/delete-manage-cookies#ie=ie-11<\/a><\/p><p><b>F\u00fcr Google Chrome:<\/b><\/p><ul><li>Klicken Sie auf das Chrome-Men\u00fc in der Browser-Symbolleiste;<\/li><li>W\u00e4hlen Sie Einstellungen;<\/li><li>Klicken Sie auf Erweiterte Einstellungen anzeigen;<\/li><li>klicken Sie im Abschnitt \u201eDatenschutz\u201c auf die Schaltfl\u00e4che Inhaltseinstellungen;<\/li><li>im Abschnitt \u201eCookies\u201c k\u00f6nnen Sie Ihre Cookie-Einstellungen \u00e4ndern und diese insbesondere blockieren, l\u00f6schen usw.<\/li><\/ul><p>Weitere Informationen unter <a href=\"https:\/\/support.google.com\/chrome\/answer\/95647?hl=fr&amp;hlrm=en\" target=\"_self\">https:\/\/support.google.com\/chrome\/answer\/95647?hl=fr&amp;hlrm=en<\/a><\/p><p><b>F\u00fcr Mozilla Firefox:<\/b><\/p><ul><li>Klicken Sie auf die Men\u00fcschaltfl\u00e4che und w\u00e4hlen Sie Optionen;<\/li><li>W\u00e4hlen Sie den Bereich Datenschutz;<\/li><li>Aktivieren Sie das Kontrollk\u00e4stchen \u201eCookies akzeptieren\u201c, um Cookies zu aktivieren, oder deaktivieren Sie es, um sie zu deaktivieren.<\/li><\/ul><p>Weitere Informationen unter <a href=\"https:\/\/support.mozilla.org\/fr\/kb\/activer-desactiver-cookies?redirectlocale=fr&amp;redirectslug=Activer+et+d%C3%A9sactiver+les+cookies\" target=\"_self\">https:\/\/support.mozilla.org\/fr\/kb\/activer-desactiver-cookies?redirectlocale=fr&amp;redirectslug=Activer+et+d%C3%A9sactiver+les+cookies<\/a><\/p><p><b>F\u00fcr Opera:<\/b><\/p><ul><li>Gehen Sie zu Einstellungen &gt; Erweitert &gt; Cookies;<\/li><li>Die Cookie-Einstellungen erm\u00f6glichen Ihnen die Kontrolle dar\u00fcber, wie Opera Cookies verwaltet. Die Standardeinstellung ist, alle Cookies zu akzeptieren. W\u00e4hlen Sie eine der Einstellungen entsprechend Ihrer Wahl aus:<ul><li>\u201eCookies akzeptieren\u201c: Alle Cookies werden akzeptiert (Standard)<\/li><li>\u201eNur Cookies der besuchten Website akzeptieren\u201c: Drittanbieter-Cookies von einer externen Domain werden abgelehnt.<\/li><li>\u201eCookies niemals akzeptieren\u201c: Alle Cookies werden abgelehnt.<\/li><\/ul><\/li><\/ul><p>Weitere Informationen unter <a href=\"http:\/\/help.opera.com\/Windows\/10.20\/fr\/cookies.html\" target=\"_self\">http:\/\/help.opera.com\/Windows\/10.20\/fr\/cookies.html<\/a><\/p><p><b>2) Nutzung der Website Youronlinechoices<\/b><\/p><p>Die im EDAA (European Digital Advertising Alliance) zusammengeschlossenen Fachleute f\u00fcr digitale Werbung bieten eine Website an, die allen Internetnutzern zug\u00e4nglich ist und es diesen erm\u00f6glicht, Cookies f\u00fcr zielgerichtete Werbung durch Annahme oder Ablehnung zu steuern. Es ist somit m\u00f6glich, Ihre Pr\u00e4ferenzen bez\u00fcglich Werbe-Cookies zu steuern und festzulegen. Hunderte von Unternehmen sind Partner dieser Initiative. Die Website bietet au\u00dferdem umfassende Erkl\u00e4rungen zu Cookies.<\/p><p>Weitere Informationen unter <a href=\"http:\/\/www.youronlinechoices.com\/fr\/controler-ses-cookies\/\" target=\"_self\">http:\/\/www.youronlinechoices.com\/fr\/controler-ses-cookies\/<\/a><\/p><br><h2>F\u00fcr weitere Informationen \u2026<\/h2><p>Weitere Informationen zu Cookies erhalten Sie auf der Website der Commission Nationale de l\u2019Informatique et des Libert\u00e9s (CNIL). Die CNIL bietet praktische, informative Merkbl\u00e4tter f\u00fcr Internetnutzer an.<\/p><p>Weitere Informationen unter <a href=\"http:\/\/www.cnil.fr\/vos-droits\/vos-traces\/les-cookies\/\" target=\"_self\">http:\/\/www.cnil.fr\/vos-droits\/vos-traces\/les-cookies\/<\/a><\/p><\/div><\/div><\/div><\/div><\/div>\t\t\t\t\t\t\t\t<\/div>\n\t\t\t\t\t<\/div>\n\t\t\t\t<\/div>\n\t\t\t\t<\/div>\n\t\t","protected":false},"excerpt":{"rendered":"<p>Datenschutzerkl\u00e4rung Verwendung von Cookies Der Inhalt dieser Seite richtet sich an alle Nutzer unserer Website. Er hat das Hauptziel, alle Besucher \u00fcber die m\u00f6gliche Verwendung von Cookies auf unserer Website zu informieren. Er soll auch p\u00e4dagogische Erkl\u00e4rungen zum Nutzen und zur Verwendung von Cookies bieten. W\u00e4hrend Ihres Besuchs auf unserer Website k\u00f6nnen Informationen \u00fcber die [&hellip;]<\/p>\n","protected":false},"author":1,"featured_media":0,"parent":0,"menu_order":0,"comment_status":"closed","ping_status":"closed","template":"page-full-width.php","meta":{"footnotes":""},"class_list":["post-13829","page","type-page","status-publish","hentry"],"yoast_head":"<!-- This site is optimized with the Yoast SEO plugin v27.4 - https:\/\/yoast.com\/product\/yoast-seo-wordpress\/ -->\n<title>Datenschutzerkl\u00e4rung - H\u00f4tel de Gen\u00e8ve<\/title>\n<meta name=\"robots\" content=\"index, follow, max-snippet:-1, max-image-preview:large, max-video-preview:-1\" \/>\n<link rel=\"canonical\" href=\"https:\/\/www.hotellegeneve.com\/de\/datenschutzerklaerung\/\" \/>\n<meta property=\"og:locale\" content=\"de_DE\" \/>\n<meta property=\"og:type\" content=\"article\" \/>\n<meta property=\"og:title\" content=\"Datenschutzerkl\u00e4rung - H\u00f4tel de Gen\u00e8ve\" \/>\n<meta property=\"og:description\" content=\"Datenschutzerkl\u00e4rung Verwendung von Cookies Der Inhalt dieser Seite richtet sich an alle Nutzer unserer Website. Er hat das Hauptziel, alle Besucher \u00fcber die m\u00f6gliche Verwendung von Cookies auf unserer Website zu informieren. Er soll auch p\u00e4dagogische Erkl\u00e4rungen zum Nutzen und zur Verwendung von Cookies bieten. W\u00e4hrend Ihres Besuchs auf unserer Website k\u00f6nnen Informationen \u00fcber die [&hellip;]\" \/>\n<meta property=\"og:url\" content=\"https:\/\/www.hotellegeneve.com\/de\/datenschutzerklaerung\/\" \/>\n<meta property=\"og:site_name\" content=\"H\u00f4tel de Gen\u00e8ve\" \/>\n<meta property=\"article:modified_time\" content=\"2025-09-29T12:21:10+00:00\" \/>\n<meta name=\"twitter:card\" content=\"summary_large_image\" \/>\n<meta name=\"twitter:label1\" content=\"Gesch\u00e4tzte Lesezeit\" \/>\n\t<meta name=\"twitter:data1\" content=\"6\u00a0Minute\" \/>\n<script type=\"application\/ld+json\" class=\"yoast-schema-graph\">{\"@context\":\"https:\\\/\\\/schema.org\",\"@graph\":[{\"@type\":\"WebPage\",\"@id\":\"https:\\\/\\\/www.hotellegeneve.com\\\/de\\\/datenschutzerklaerung\\\/\",\"url\":\"https:\\\/\\\/www.hotellegeneve.com\\\/de\\\/datenschutzerklaerung\\\/\",\"name\":\"Datenschutzerkl\u00e4rung - H\u00f4tel de Gen\u00e8ve\",\"isPartOf\":{\"@id\":\"https:\\\/\\\/www.hotellegeneve.com\\\/de\\\/#website\"},\"datePublished\":\"2025-08-11T09:32:48+00:00\",\"dateModified\":\"2025-09-29T12:21:10+00:00\",\"breadcrumb\":{\"@id\":\"https:\\\/\\\/www.hotellegeneve.com\\\/de\\\/datenschutzerklaerung\\\/#breadcrumb\"},\"inLanguage\":\"de\",\"potentialAction\":[{\"@type\":\"ReadAction\",\"target\":[\"https:\\\/\\\/www.hotellegeneve.com\\\/de\\\/datenschutzerklaerung\\\/\"]}]},{\"@type\":\"BreadcrumbList\",\"@id\":\"https:\\\/\\\/www.hotellegeneve.com\\\/de\\\/datenschutzerklaerung\\\/#breadcrumb\",\"itemListElement\":[{\"@type\":\"ListItem\",\"position\":1,\"name\":\"Accueil\",\"item\":\"https:\\\/\\\/www.hotellegeneve.com\\\/de\\\/startseite-hotel-de-geneve\\\/\"},{\"@type\":\"ListItem\",\"position\":2,\"name\":\"Datenschutzerkl\u00e4rung\"}]},{\"@type\":\"WebSite\",\"@id\":\"https:\\\/\\\/www.hotellegeneve.com\\\/de\\\/#website\",\"url\":\"https:\\\/\\\/www.hotellegeneve.com\\\/de\\\/\",\"name\":\"H\u00f4tel de Gen\u00e8ve\",\"description\":\"\",\"publisher\":{\"@id\":\"https:\\\/\\\/www.hotellegeneve.com\\\/de\\\/#organization\"},\"potentialAction\":[{\"@type\":\"SearchAction\",\"target\":{\"@type\":\"EntryPoint\",\"urlTemplate\":\"https:\\\/\\\/www.hotellegeneve.com\\\/de\\\/?s={search_term_string}\"},\"query-input\":{\"@type\":\"PropertyValueSpecification\",\"valueRequired\":true,\"valueName\":\"search_term_string\"}}],\"inLanguage\":\"de\"},{\"@type\":\"Organization\",\"@id\":\"https:\\\/\\\/www.hotellegeneve.com\\\/de\\\/#organization\",\"name\":\"H\u00f4tel de Gen\u00e8ve \u2013 Faverges\",\"alternateName\":\"Hotel de Geneve Faverges\",\"url\":\"https:\\\/\\\/www.hotellegeneve.com\\\/de\\\/\",\"logo\":{\"@type\":\"ImageObject\",\"inLanguage\":\"de\",\"@id\":\"https:\\\/\\\/www.hotellegeneve.com\\\/de\\\/#\\\/schema\\\/logo\\\/image\\\/\",\"url\":\"https:\\\/\\\/www.hotellegeneve.com\\\/wp-content\\\/uploads\\\/2025\\\/07\\\/logohomecenter_transparent.png\",\"contentUrl\":\"https:\\\/\\\/www.hotellegeneve.com\\\/wp-content\\\/uploads\\\/2025\\\/07\\\/logohomecenter_transparent.png\",\"width\":277,\"height\":287,\"caption\":\"H\u00f4tel de Gen\u00e8ve \u2013 Faverges\"},\"image\":{\"@id\":\"https:\\\/\\\/www.hotellegeneve.com\\\/de\\\/#\\\/schema\\\/logo\\\/image\\\/\"}}]}<\/script>\n<!-- \/ Yoast SEO plugin. -->","yoast_head_json":{"title":"Datenschutzerkl\u00e4rung - H\u00f4tel de Gen\u00e8ve","robots":{"index":"index","follow":"follow","max-snippet":"max-snippet:-1","max-image-preview":"max-image-preview:large","max-video-preview":"max-video-preview:-1"},"canonical":"https:\/\/www.hotellegeneve.com\/de\/datenschutzerklaerung\/","og_locale":"de_DE","og_type":"article","og_title":"Datenschutzerkl\u00e4rung - H\u00f4tel de Gen\u00e8ve","og_description":"Datenschutzerkl\u00e4rung Verwendung von Cookies Der Inhalt dieser Seite richtet sich an alle Nutzer unserer Website. Er hat das Hauptziel, alle Besucher \u00fcber die m\u00f6gliche Verwendung von Cookies auf unserer Website zu informieren. Er soll auch p\u00e4dagogische Erkl\u00e4rungen zum Nutzen und zur Verwendung von Cookies bieten. W\u00e4hrend Ihres Besuchs auf unserer Website k\u00f6nnen Informationen \u00fcber die [&hellip;]","og_url":"https:\/\/www.hotellegeneve.com\/de\/datenschutzerklaerung\/","og_site_name":"H\u00f4tel de Gen\u00e8ve","article_modified_time":"2025-09-29T12:21:10+00:00","twitter_card":"summary_large_image","twitter_misc":{"Gesch\u00e4tzte Lesezeit":"6\u00a0Minute"},"schema":{"@context":"https:\/\/schema.org","@graph":[{"@type":"WebPage","@id":"https:\/\/www.hotellegeneve.com\/de\/datenschutzerklaerung\/","url":"https:\/\/www.hotellegeneve.com\/de\/datenschutzerklaerung\/","name":"Datenschutzerkl\u00e4rung - H\u00f4tel de Gen\u00e8ve","isPartOf":{"@id":"https:\/\/www.hotellegeneve.com\/de\/#website"},"datePublished":"2025-08-11T09:32:48+00:00","dateModified":"2025-09-29T12:21:10+00:00","breadcrumb":{"@id":"https:\/\/www.hotellegeneve.com\/de\/datenschutzerklaerung\/#breadcrumb"},"inLanguage":"de","potentialAction":[{"@type":"ReadAction","target":["https:\/\/www.hotellegeneve.com\/de\/datenschutzerklaerung\/"]}]},{"@type":"BreadcrumbList","@id":"https:\/\/www.hotellegeneve.com\/de\/datenschutzerklaerung\/#breadcrumb","itemListElement":[{"@type":"ListItem","position":1,"name":"Accueil","item":"https:\/\/www.hotellegeneve.com\/de\/startseite-hotel-de-geneve\/"},{"@type":"ListItem","position":2,"name":"Datenschutzerkl\u00e4rung"}]},{"@type":"WebSite","@id":"https:\/\/www.hotellegeneve.com\/de\/#website","url":"https:\/\/www.hotellegeneve.com\/de\/","name":"H\u00f4tel de Gen\u00e8ve","description":"","publisher":{"@id":"https:\/\/www.hotellegeneve.com\/de\/#organization"},"potentialAction":[{"@type":"SearchAction","target":{"@type":"EntryPoint","urlTemplate":"https:\/\/www.hotellegeneve.com\/de\/?s={search_term_string}"},"query-input":{"@type":"PropertyValueSpecification","valueRequired":true,"valueName":"search_term_string"}}],"inLanguage":"de"},{"@type":"Organization","@id":"https:\/\/www.hotellegeneve.com\/de\/#organization","name":"H\u00f4tel de Gen\u00e8ve \u2013 Faverges","alternateName":"Hotel de Geneve Faverges","url":"https:\/\/www.hotellegeneve.com\/de\/","logo":{"@type":"ImageObject","inLanguage":"de","@id":"https:\/\/www.hotellegeneve.com\/de\/#\/schema\/logo\/image\/","url":"https:\/\/www.hotellegeneve.com\/wp-content\/uploads\/2025\/07\/logohomecenter_transparent.png","contentUrl":"https:\/\/www.hotellegeneve.com\/wp-content\/uploads\/2025\/07\/logohomecenter_transparent.png","width":277,"height":287,"caption":"H\u00f4tel de Gen\u00e8ve \u2013 Faverges"},"image":{"@id":"https:\/\/www.hotellegeneve.com\/de\/#\/schema\/logo\/image\/"}}]}},"jetpack_sharing_enabled":true,"_links":{"self":[{"href":"https:\/\/www.hotellegeneve.com\/de\/wp-json\/wp\/v2\/pages\/13829","targetHints":{"allow":["GET"]}}],"collection":[{"href":"https:\/\/www.hotellegeneve.com\/de\/wp-json\/wp\/v2\/pages"}],"about":[{"href":"https:\/\/www.hotellegeneve.com\/de\/wp-json\/wp\/v2\/types\/page"}],"author":[{"embeddable":true,"href":"https:\/\/www.hotellegeneve.com\/de\/wp-json\/wp\/v2\/users\/1"}],"replies":[{"embeddable":true,"href":"https:\/\/www.hotellegeneve.com\/de\/wp-json\/wp\/v2\/comments?post=13829"}],"version-history":[{"count":1,"href":"https:\/\/www.hotellegeneve.com\/de\/wp-json\/wp\/v2\/pages\/13829\/revisions"}],"predecessor-version":[{"id":13830,"href":"https:\/\/www.hotellegeneve.com\/de\/wp-json\/wp\/v2\/pages\/13829\/revisions\/13830"}],"wp:attachment":[{"href":"https:\/\/www.hotellegeneve.com\/de\/wp-json\/wp\/v2\/media?parent=13829"}],"curies":[{"name":"wp","href":"https:\/\/api.w.org\/{rel}","templated":true}]}}