{"id":13754,"date":"2025-08-11T09:19:45","date_gmt":"2025-08-11T09:19:45","guid":{"rendered":"https:\/\/www.hotellegeneve.com\/allgemeine-geschaeftsbedingungen\/"},"modified":"2026-03-18T11:22:14","modified_gmt":"2026-03-18T11:22:14","slug":"allgemeine-geschaeftsbedingungen","status":"publish","type":"page","link":"https:\/\/www.hotellegeneve.com\/de\/allgemeine-geschaeftsbedingungen\/","title":{"rendered":"Allgemeine Gesch\u00e4ftsbedingungen"},"content":{"rendered":"\t\t<div data-elementor-type=\"wp-page\" data-elementor-id=\"13754\" class=\"elementor elementor-13754 elementor-13315\">\n\t\t\t\t<div class=\"elementor-element elementor-element-5800544 e-con-full e-flex e-con e-parent\" data-id=\"5800544\" data-element_type=\"container\" data-e-type=\"container\" data-settings=\"{&quot;background_background&quot;:&quot;classic&quot;}\">\n\t\t\t\t<div class=\"elementor-element elementor-element-7822e0f elementor-widget elementor-widget-heading\" data-id=\"7822e0f\" data-element_type=\"widget\" data-e-type=\"widget\" data-widget_type=\"heading.default\">\n\t\t\t\t\t<h1 class=\"elementor-heading-title elementor-size-default\">Allgemeine Gesch\u00e4ftsbedingungen<\/h1>\t\t\t\t<\/div>\n\t\t\t\t<\/div>\n\t\t<div class=\"elementor-element elementor-element-1bec032 e-flex e-con-boxed e-con e-parent\" data-id=\"1bec032\" data-element_type=\"container\" data-e-type=\"container\">\n\t\t\t\t\t<div class=\"e-con-inner\">\n\t\t\t\t<div class=\"elementor-element elementor-element-1ee9634 elementor-widget elementor-widget-text-editor\" data-id=\"1ee9634\" data-element_type=\"widget\" data-e-type=\"widget\" data-widget_type=\"text-editor.default\">\n\t\t\t\t\t\t\t\t\t<h2>Stornierungs-, R\u00fcckerstattungs- und No-Show-Bedingungen<\/h2><div><p>Ab sofort g\u00fcltig<\/p><\/div><div><h3>1. Standardtarif<\/h3><\/div><div><p>Stornierung<br \/>Jede Stornierung, die weniger als 48 Stunden vor dem Anreisedatum erfolgt, ist nicht erstattungsf\u00e4hig.<\/p><\/div><div><p>R\u00fcckerstattung<br \/>Nicht erstattungsf\u00e4hig.<\/p><\/div><div><p>No-Show<br \/>Im Falle einer Nichtanreise (No-Show) wird der Gesamtbetrag des Aufenthalts in Rechnung gestellt. Eine R\u00fcckerstattung ist ausgeschlossen.<\/p><\/div><div><h3>2. Semi-flexibler Tarif (z. B. Webangebot \/ erm\u00e4\u00dfigter Tarif)<\/h3><\/div><div><p>Diese Angebote sind nicht erstattungsf\u00e4hig.<br \/>Im Falle einer Stornierung, \u00c4nderung oder Nichtanreise erfolgt keine R\u00fcckerstattung.<\/p><\/div><div><h3>3. Sonderangebote (Aktionsangebote \/ aktuelle Angebote)<\/h3><\/div><div><p>Diese Angebote sind nicht erstattungsf\u00e4hig.<br \/>Im Falle einer Stornierung, \u00c4nderung oder Nichtanreise erfolgt keine R\u00fcckerstattung.<\/p><\/div><div><h3>4. Hochsaison \/ Feiertage \/ besondere Veranstaltungen<\/h3><\/div><div><p>W\u00e4hrend der Hochsaison, an Feiertagen oder bei besonderen Veranstaltungen werden alle Reservierungen ab 14 Tagen vor dem Anreisedatum nicht erstattungsf\u00e4hig.<br \/>Nach Ablauf dieser Frist kann im Falle einer Stornierung, \u00c4nderung oder Nichtanreise (No-Show) keine R\u00fcckerstattung gew\u00e4hrt werden.<\/p><\/div><div><p>Die Zeitr\u00e4ume der Hochsaison sowie besonderer Veranstaltungen werden vom Hotel festgelegt und k\u00f6nnen je nach lokalem touristischem Kalender variieren.<\/p><\/div><div>\u00a0<\/div><div><h3>5. Vorzeitige Abreise<\/h3><\/div><div><p>Im Falle einer vorzeitigen Abreise bleiben die urspr\u00fcnglich gebuchten und nicht genutzten N\u00e4chte grunds\u00e4tzlich nicht erstattungsf\u00e4hig.<\/p><\/div><div><p>Als kommerzielle Kulanz und nach alleinigem Ermessen des Hoteliers kann jedoch eine Gutschrift f\u00fcr einen zuk\u00fcnftigen Aufenthalt gew\u00e4hrt werden, gem\u00e4\u00df den vom Hotel festgelegten Bedingungen.<\/p><\/div><div><p>Diese Gutschrift ist pers\u00f6nlich, nicht erstattungsf\u00e4hig, nicht \u00fcbertragbar und unterliegt einer vom Hotel festgelegten G\u00fcltigkeitsdauer.<\/p><\/div><div><h3>6. H\u00f6here Gewalt (Premium-Option)<\/h3><\/div><div><p>Im Falle h\u00f6herer Gewalt kann das Hotel folgende L\u00f6sungen anbieten:<\/p><\/div><ul><li>Umbuchung des Aufenthalts<\/li><li>Gutschrift mit 12 Monaten G\u00fcltigkeit<\/li><li>Au\u00dfergew\u00f6hnliche R\u00fcckerstattung<\/li><\/ul><div><p>Nach Entscheidung der Hoteldirektion.<\/p><h1 data-section-id=\"n7dfkv\" data-start=\"1806\" data-end=\"1840\">Mediation \u2013 Streitbeilegung<\/h1><p data-start=\"1842\" data-end=\"2029\">Im Falle eines Streits im Zusammenhang mit einer Reservierung oder einem Aufenthalt wird der Kunde gebeten, sich zun\u00e4chst an das Hotel zu wenden, um eine einvernehmliche L\u00f6sung zu finden.<\/p><p data-start=\"2031\" data-end=\"2356\">Gem\u00e4\u00df den Bestimmungen des franz\u00f6sischen Verbraucherschutzgesetzes zur au\u00dfergerichtlichen Streitbeilegung kann der Kunde nach einer vorherigen schriftlichen Beschwerde beim H\u00f4tel de Gen\u00e8ve und bei Ausbleiben einer zufriedenstellenden Antwort innerhalb von 60 Tagen kostenlos den Mediator f\u00fcr Tourismus und Reisen einschalten.<\/p><p data-start=\"2358\" data-end=\"2505\"><strong data-start=\"2358\" data-end=\"2389\">Kontaktdaten des Mediators:<\/strong><br data-start=\"2389\" data-end=\"2392\" \/>M\u00e9diation Tourisme et Voyage<br data-start=\"2420\" data-end=\"2423\" \/>BP 80 303 \u2013 75 823 Paris Cedex 17 \u2013 Frankreich<br data-start=\"2469\" data-end=\"2472\" \/>Website: <a class=\"decorated-link\" href=\"https:\/\/www.mtv.travel\" target=\"_new\" rel=\"noopener\" data-start=\"2481\" data-end=\"2503\">https:\/\/www.mtv.travel<\/a><\/p><p data-start=\"2507\" data-end=\"2716\">Kommt keine einvernehmliche L\u00f6sung zustande, kann der Rechtsstreit vor den zust\u00e4ndigen Gerichten am Sitz des Hotels ausgetragen werden, sofern keine zwingenden gesetzlichen Bestimmungen etwas anderes vorsehen.<\/p><\/div>\t\t\t\t\t\t\t\t<\/div>\n\t\t\t\t\t<\/div>\n\t\t\t\t<\/div>\n\t\t\t\t<\/div>\n\t\t","protected":false},"excerpt":{"rendered":"<p>Allgemeine Gesch\u00e4ftsbedingungen Stornierungs-, R\u00fcckerstattungs- und No-Show-Bedingungen Ab sofort g\u00fcltig 1. Standardtarif StornierungJede Stornierung, die weniger als 48 Stunden vor dem Anreisedatum erfolgt, ist nicht erstattungsf\u00e4hig. R\u00fcckerstattungNicht erstattungsf\u00e4hig. No-ShowIm Falle einer Nichtanreise (No-Show) wird der Gesamtbetrag des Aufenthalts in Rechnung gestellt. Eine R\u00fcckerstattung ist ausgeschlossen. 2. Semi-flexibler Tarif (z. B. Webangebot \/ erm\u00e4\u00dfigter Tarif) Diese Angebote [&hellip;]<\/p>\n","protected":false},"author":1,"featured_media":0,"parent":0,"menu_order":0,"comment_status":"closed","ping_status":"closed","template":"page-full-width.php","meta":{"footnotes":""},"class_list":["post-13754","page","type-page","status-publish","hentry"],"yoast_head":"<!-- This site is optimized with the Yoast SEO plugin v27.4 - https:\/\/yoast.com\/product\/yoast-seo-wordpress\/ -->\n<title>Allgemeine Gesch\u00e4ftsbedingungen - H\u00f4tel de Gen\u00e8ve<\/title>\n<meta name=\"robots\" content=\"index, follow, max-snippet:-1, max-image-preview:large, max-video-preview:-1\" \/>\n<link rel=\"canonical\" href=\"https:\/\/www.hotellegeneve.com\/de\/allgemeine-geschaeftsbedingungen\/\" \/>\n<meta property=\"og:locale\" content=\"de_DE\" \/>\n<meta property=\"og:type\" content=\"article\" \/>\n<meta property=\"og:title\" content=\"Allgemeine Gesch\u00e4ftsbedingungen - H\u00f4tel de Gen\u00e8ve\" \/>\n<meta property=\"og:description\" content=\"Allgemeine Gesch\u00e4ftsbedingungen Stornierungs-, R\u00fcckerstattungs- und No-Show-Bedingungen Ab sofort g\u00fcltig 1. Standardtarif StornierungJede Stornierung, die weniger als 48 Stunden vor dem Anreisedatum erfolgt, ist nicht erstattungsf\u00e4hig. R\u00fcckerstattungNicht erstattungsf\u00e4hig. No-ShowIm Falle einer Nichtanreise (No-Show) wird der Gesamtbetrag des Aufenthalts in Rechnung gestellt. Eine R\u00fcckerstattung ist ausgeschlossen. 2. Semi-flexibler Tarif (z. B. Webangebot \/ erm\u00e4\u00dfigter Tarif) Diese Angebote [&hellip;]\" \/>\n<meta property=\"og:url\" content=\"https:\/\/www.hotellegeneve.com\/de\/allgemeine-geschaeftsbedingungen\/\" \/>\n<meta property=\"og:site_name\" content=\"H\u00f4tel de Gen\u00e8ve\" \/>\n<meta property=\"article:modified_time\" content=\"2026-03-18T11:22:14+00:00\" \/>\n<meta name=\"twitter:card\" content=\"summary_large_image\" \/>\n<meta name=\"twitter:label1\" content=\"Gesch\u00e4tzte Lesezeit\" \/>\n\t<meta name=\"twitter:data1\" content=\"2\u00a0Minute\" \/>\n<script type=\"application\/ld+json\" class=\"yoast-schema-graph\">{\"@context\":\"https:\\\/\\\/schema.org\",\"@graph\":[{\"@type\":\"WebPage\",\"@id\":\"https:\\\/\\\/www.hotellegeneve.com\\\/de\\\/allgemeine-geschaeftsbedingungen\\\/\",\"url\":\"https:\\\/\\\/www.hotellegeneve.com\\\/de\\\/allgemeine-geschaeftsbedingungen\\\/\",\"name\":\"Allgemeine Gesch\u00e4ftsbedingungen - H\u00f4tel de Gen\u00e8ve\",\"isPartOf\":{\"@id\":\"https:\\\/\\\/www.hotellegeneve.com\\\/de\\\/#website\"},\"datePublished\":\"2025-08-11T09:19:45+00:00\",\"dateModified\":\"2026-03-18T11:22:14+00:00\",\"breadcrumb\":{\"@id\":\"https:\\\/\\\/www.hotellegeneve.com\\\/de\\\/allgemeine-geschaeftsbedingungen\\\/#breadcrumb\"},\"inLanguage\":\"de\",\"potentialAction\":[{\"@type\":\"ReadAction\",\"target\":[\"https:\\\/\\\/www.hotellegeneve.com\\\/de\\\/allgemeine-geschaeftsbedingungen\\\/\"]}]},{\"@type\":\"BreadcrumbList\",\"@id\":\"https:\\\/\\\/www.hotellegeneve.com\\\/de\\\/allgemeine-geschaeftsbedingungen\\\/#breadcrumb\",\"itemListElement\":[{\"@type\":\"ListItem\",\"position\":1,\"name\":\"Accueil\",\"item\":\"https:\\\/\\\/www.hotellegeneve.com\\\/de\\\/startseite-hotel-de-geneve\\\/\"},{\"@type\":\"ListItem\",\"position\":2,\"name\":\"Allgemeine Gesch\u00e4ftsbedingungen\"}]},{\"@type\":\"WebSite\",\"@id\":\"https:\\\/\\\/www.hotellegeneve.com\\\/de\\\/#website\",\"url\":\"https:\\\/\\\/www.hotellegeneve.com\\\/de\\\/\",\"name\":\"H\u00f4tel de Gen\u00e8ve\",\"description\":\"\",\"publisher\":{\"@id\":\"https:\\\/\\\/www.hotellegeneve.com\\\/de\\\/#organization\"},\"potentialAction\":[{\"@type\":\"SearchAction\",\"target\":{\"@type\":\"EntryPoint\",\"urlTemplate\":\"https:\\\/\\\/www.hotellegeneve.com\\\/de\\\/?s={search_term_string}\"},\"query-input\":{\"@type\":\"PropertyValueSpecification\",\"valueRequired\":true,\"valueName\":\"search_term_string\"}}],\"inLanguage\":\"de\"},{\"@type\":\"Organization\",\"@id\":\"https:\\\/\\\/www.hotellegeneve.com\\\/de\\\/#organization\",\"name\":\"H\u00f4tel de Gen\u00e8ve \u2013 Faverges\",\"alternateName\":\"Hotel de Geneve Faverges\",\"url\":\"https:\\\/\\\/www.hotellegeneve.com\\\/de\\\/\",\"logo\":{\"@type\":\"ImageObject\",\"inLanguage\":\"de\",\"@id\":\"https:\\\/\\\/www.hotellegeneve.com\\\/de\\\/#\\\/schema\\\/logo\\\/image\\\/\",\"url\":\"https:\\\/\\\/www.hotellegeneve.com\\\/wp-content\\\/uploads\\\/2025\\\/07\\\/logohomecenter_transparent.png\",\"contentUrl\":\"https:\\\/\\\/www.hotellegeneve.com\\\/wp-content\\\/uploads\\\/2025\\\/07\\\/logohomecenter_transparent.png\",\"width\":277,\"height\":287,\"caption\":\"H\u00f4tel de Gen\u00e8ve \u2013 Faverges\"},\"image\":{\"@id\":\"https:\\\/\\\/www.hotellegeneve.com\\\/de\\\/#\\\/schema\\\/logo\\\/image\\\/\"}}]}<\/script>\n<!-- \/ Yoast SEO plugin. -->","yoast_head_json":{"title":"Allgemeine Gesch\u00e4ftsbedingungen - H\u00f4tel de Gen\u00e8ve","robots":{"index":"index","follow":"follow","max-snippet":"max-snippet:-1","max-image-preview":"max-image-preview:large","max-video-preview":"max-video-preview:-1"},"canonical":"https:\/\/www.hotellegeneve.com\/de\/allgemeine-geschaeftsbedingungen\/","og_locale":"de_DE","og_type":"article","og_title":"Allgemeine Gesch\u00e4ftsbedingungen - H\u00f4tel de Gen\u00e8ve","og_description":"Allgemeine Gesch\u00e4ftsbedingungen Stornierungs-, R\u00fcckerstattungs- und No-Show-Bedingungen Ab sofort g\u00fcltig 1. Standardtarif StornierungJede Stornierung, die weniger als 48 Stunden vor dem Anreisedatum erfolgt, ist nicht erstattungsf\u00e4hig. R\u00fcckerstattungNicht erstattungsf\u00e4hig. No-ShowIm Falle einer Nichtanreise (No-Show) wird der Gesamtbetrag des Aufenthalts in Rechnung gestellt. Eine R\u00fcckerstattung ist ausgeschlossen. 2. Semi-flexibler Tarif (z. B. Webangebot \/ erm\u00e4\u00dfigter Tarif) Diese Angebote [&hellip;]","og_url":"https:\/\/www.hotellegeneve.com\/de\/allgemeine-geschaeftsbedingungen\/","og_site_name":"H\u00f4tel de Gen\u00e8ve","article_modified_time":"2026-03-18T11:22:14+00:00","twitter_card":"summary_large_image","twitter_misc":{"Gesch\u00e4tzte Lesezeit":"2\u00a0Minute"},"schema":{"@context":"https:\/\/schema.org","@graph":[{"@type":"WebPage","@id":"https:\/\/www.hotellegeneve.com\/de\/allgemeine-geschaeftsbedingungen\/","url":"https:\/\/www.hotellegeneve.com\/de\/allgemeine-geschaeftsbedingungen\/","name":"Allgemeine Gesch\u00e4ftsbedingungen - H\u00f4tel de Gen\u00e8ve","isPartOf":{"@id":"https:\/\/www.hotellegeneve.com\/de\/#website"},"datePublished":"2025-08-11T09:19:45+00:00","dateModified":"2026-03-18T11:22:14+00:00","breadcrumb":{"@id":"https:\/\/www.hotellegeneve.com\/de\/allgemeine-geschaeftsbedingungen\/#breadcrumb"},"inLanguage":"de","potentialAction":[{"@type":"ReadAction","target":["https:\/\/www.hotellegeneve.com\/de\/allgemeine-geschaeftsbedingungen\/"]}]},{"@type":"BreadcrumbList","@id":"https:\/\/www.hotellegeneve.com\/de\/allgemeine-geschaeftsbedingungen\/#breadcrumb","itemListElement":[{"@type":"ListItem","position":1,"name":"Accueil","item":"https:\/\/www.hotellegeneve.com\/de\/startseite-hotel-de-geneve\/"},{"@type":"ListItem","position":2,"name":"Allgemeine Gesch\u00e4ftsbedingungen"}]},{"@type":"WebSite","@id":"https:\/\/www.hotellegeneve.com\/de\/#website","url":"https:\/\/www.hotellegeneve.com\/de\/","name":"H\u00f4tel de Gen\u00e8ve","description":"","publisher":{"@id":"https:\/\/www.hotellegeneve.com\/de\/#organization"},"potentialAction":[{"@type":"SearchAction","target":{"@type":"EntryPoint","urlTemplate":"https:\/\/www.hotellegeneve.com\/de\/?s={search_term_string}"},"query-input":{"@type":"PropertyValueSpecification","valueRequired":true,"valueName":"search_term_string"}}],"inLanguage":"de"},{"@type":"Organization","@id":"https:\/\/www.hotellegeneve.com\/de\/#organization","name":"H\u00f4tel de Gen\u00e8ve \u2013 Faverges","alternateName":"Hotel de Geneve Faverges","url":"https:\/\/www.hotellegeneve.com\/de\/","logo":{"@type":"ImageObject","inLanguage":"de","@id":"https:\/\/www.hotellegeneve.com\/de\/#\/schema\/logo\/image\/","url":"https:\/\/www.hotellegeneve.com\/wp-content\/uploads\/2025\/07\/logohomecenter_transparent.png","contentUrl":"https:\/\/www.hotellegeneve.com\/wp-content\/uploads\/2025\/07\/logohomecenter_transparent.png","width":277,"height":287,"caption":"H\u00f4tel de Gen\u00e8ve \u2013 Faverges"},"image":{"@id":"https:\/\/www.hotellegeneve.com\/de\/#\/schema\/logo\/image\/"}}]}},"jetpack_sharing_enabled":true,"_links":{"self":[{"href":"https:\/\/www.hotellegeneve.com\/de\/wp-json\/wp\/v2\/pages\/13754","targetHints":{"allow":["GET"]}}],"collection":[{"href":"https:\/\/www.hotellegeneve.com\/de\/wp-json\/wp\/v2\/pages"}],"about":[{"href":"https:\/\/www.hotellegeneve.com\/de\/wp-json\/wp\/v2\/types\/page"}],"author":[{"embeddable":true,"href":"https:\/\/www.hotellegeneve.com\/de\/wp-json\/wp\/v2\/users\/1"}],"replies":[{"embeddable":true,"href":"https:\/\/www.hotellegeneve.com\/de\/wp-json\/wp\/v2\/comments?post=13754"}],"version-history":[{"count":10,"href":"https:\/\/www.hotellegeneve.com\/de\/wp-json\/wp\/v2\/pages\/13754\/revisions"}],"predecessor-version":[{"id":15786,"href":"https:\/\/www.hotellegeneve.com\/de\/wp-json\/wp\/v2\/pages\/13754\/revisions\/15786"}],"wp:attachment":[{"href":"https:\/\/www.hotellegeneve.com\/de\/wp-json\/wp\/v2\/media?parent=13754"}],"curies":[{"name":"wp","href":"https:\/\/api.w.org\/{rel}","templated":true}]}}